{"id":39,"date":"2018-01-24T17:23:06","date_gmt":"2018-01-24T22:23:06","guid":{"rendered":"http:\/\/www.actualidadambiental.pe\/pajonales\/?page_id=39"},"modified":"2018-04-26T17:28:33","modified_gmt":"2018-04-26T22:28:33","slug":"mar-de-instituciones","status":"publish","type":"page","link":"https:\/\/www.actualidadambiental.pe\/pajonales\/mar-de-instituciones\/","title":{"rendered":"Propuesta"},"content":{"rendered":"<h2><span style=\"color: #008080;\">Nuestra propuesta<\/span><\/h2>\n<p>&nbsp;<\/p>\n<p>Para proteger de forma m\u00e1s integral a pajonales, humedales y p\u00e1ramos, proponemos:<\/p>\n<ul>\n<li>Al Serfor: priorizar la inclusi\u00f3n de estos ecosistemas en la Lista sectorial de ecosistemas fr\u00e1giles.<\/li>\n<li>Al Ministerio de Agricultura (Minagri): difundir t\u00e9cnicas y alternativas de agricultura y ganader\u00eda en estas zonas.<\/li>\n<li>Al Serfor, Minagri, Ministerio de Educaci\u00f3n y a los gobiernos regionales: asumir mayor liderazgo en el tema, a trav\u00e9s de campa\u00f1as de sensibilizaci\u00f3n en las que se difundan los impactos negativos y la importancia de proteger a los pajonales, humedales y p\u00e1ramos.<\/li>\n<li>Y, desde el enfoque legal: modificar los art\u00edculos 310 y 310-C del Cap\u00edtulo II del T\u00edtulo XIII, Delitos contra los Recursos Naturales, del C\u00f3digo Penal.<\/li>\n<\/ul>\n<p>Sobre el \u00faltimo punto, proponemos hacer una menci\u00f3n espec\u00edfica, en el <strong><span style=\"color: #008080;\">art\u00edculo 310,\u00a0<\/span><\/strong>a <strong><u><span style=\"color: #008080;\">pajonales, p\u00e1ramos y humedales<\/span><\/u><\/strong>\u00a0dado que son ecosistemas de vital importancia para la provisi\u00f3n de servicios ambientales. En cuanto al art\u00edculo 310-C, proponemos incluir la afectaci\u00f3n de los ecosistemas fr\u00e1giles registrados como forma agravada de los delitos consignados en los art\u00edculos 310, 310-A y 310-B.<\/p>\n<p>Sugerimos la siguiente redacci\u00f3n para dichos art\u00edculos:<\/p>\n<table width=\"432\">\n<tbody>\n<tr>\n<td width=\"432\"><strong>Art\u00edculo 310.- Delitos contra los bosques o formaciones boscosas, pajonales, p\u00e1ramos y humedales.<\/strong> Ser\u00e1 reprimido con pena privativa de libertad no menor de cuatro a\u00f1os ni mayor de seis a\u00f1os y con prestaci\u00f3n de servicios comunitarios de cuarenta a ochenta jornadas el que, sin contar con permiso, licencia, autorizaci\u00f3n o concesi\u00f3n otorgada por autoridad competente, destruye, quema, da\u00f1a o tala, en todo o en parte, <u><span style=\"color: #008080;\">pajonales, p\u00e1ramos, humedales<\/span><\/u>, bosques u otras formaciones boscosas, sean naturales o plantaciones.<\/td>\n<\/tr>\n<\/tbody>\n<\/table>\n<p>&nbsp;<\/p>\n<table width=\"432\">\n<tbody>\n<tr>\n<td width=\"432\"><strong>Art\u00edculo 310-C.- Formas agravadas.<\/strong> En los casos previstos en los art\u00edculos 310, 310-A y 310-B, la pena privativa de libertad ser\u00e1 no menor de ocho a\u00f1os ni mayor de diez a\u00f1os, bajo cualquiera de los siguientes supuestos:<br \/>\n<strong>1.<\/strong> Si se comete el delito al interior de tierras en propiedad o posesi\u00f3n de\u00a0 \u00a0 \u00a0 \u00a0 comunidades nativas, comunidades campesinas, pueblos ind\u00edgenas, reservas ind\u00edgenas; o en reservas territoriales o reservas ind\u00edgenas a favor de pueblos ind\u00edgenas en contacto inicial o aislamiento voluntario, \u00e1reas naturales protegidas, <u><span style=\"color: #008080;\">ecosistemas fr\u00e1giles debidamente registrados en la Lista Sectorial de Ecosistemas Fr\u00e1giles,<\/span><\/u> zonas vedadas, concesiones forestales o \u00e1reas de conservaci\u00f3n privadas debidamente reconocidas por la autoridad competente.<br \/>\n<strong>2.<\/strong> Si como consecuencia de la conducta prevista en los art\u00edculos correspondientes se afecten vertientes que abastecen de agua a centros poblados, sistemas de irrigaci\u00f3n o se erosione el suelo haciendo peligrar las actividades econ\u00f3micas del lugar.<br \/>\n<strong>3.<\/strong> Si el autor o part\u00edcipe es funcionario o servidor p\u00fablico.<br \/>\n<strong>4.<\/strong> Si el delito se comete respecto de espec\u00edmenes que han sido marcados para realizar estudios o han sido reservados como semilleros.Si el delito se comete con el uso de armas, explosivo o similar.Si el delito se comete con el concurso de dos o m\u00e1s personas.<br \/>\n<strong>5.<\/strong> Si el delito es cometido por los titulares de concesiones forestales.<br \/>\n<strong>6.<\/strong> Si se trata de productos o espec\u00edmenes forestales maderables protegidos por la legislaci\u00f3n nacional.<br \/>\nLa pena privativa de libertad ser\u00e1 no menor de diez a\u00f1os ni mayor de doce a\u00f1os cuando:<br \/>\n<strong>1.<\/strong> El agente act\u00faa como integrante de una organizaci\u00f3n criminal.<br \/>\n<strong>2.<\/strong> El autor causa lesiones graves o muerte durante la comisi\u00f3n del hecho delictivo o a consecuencia de dicho acto.<br \/>\n3. Si el hecho delictivo se realiza para cometer delitos tributarios, aduaneros y de lavados de activos.<br \/>\n<strong>4.<\/strong> Financie o facilite la comisi\u00f3n de estos delitos.<\/td>\n<\/tr>\n<\/tbody>\n<\/table>\n","protected":false},"excerpt":{"rendered":"<p>Nuestra propuesta &nbsp; Para proteger de forma m\u00e1s integral a pajonales, humedales y p\u00e1ramos, proponemos: Al Serfor: priorizar la inclusi\u00f3n de estos ecosistemas en la Lista sectorial de ecosistemas fr\u00e1giles. Al Ministerio de Agricultura (Minagri): difundir t\u00e9cnicas y alternativas de agricultura y ganader\u00eda en estas zonas. Al Serfor, Minagri, Ministerio de Educaci\u00f3n y a los &hellip; <\/p>\n<p class=\"link-more\"><a href=\"https:\/\/www.actualidadambiental.pe\/pajonales\/mar-de-instituciones\/\" class=\"more-link\">Continuar leyendo<span class=\"screen-reader-text\"> \u00abPropuesta\u00bb<\/span><\/a><\/p>\n","protected":false},"author":1,"featured_media":334,"parent":0,"menu_order":0,"comment_status":"closed","ping_status":"closed","template":"","meta":{"_monsterinsights_skip_tracking":false,"_monsterinsights_sitenote_active":false,"_monsterinsights_sitenote_note":"","_monsterinsights_sitenote_category":0,"footnotes":""},"class_list":["post-39","page","type-page","status-publish","has-post-thumbnail","hentry"],"_links":{"self":[{"href":"https:\/\/www.actualidadambiental.pe\/pajonales\/wp-json\/wp\/v2\/pages\/39","targetHints":{"allow":["GET"]}}],"collection":[{"href":"https:\/\/www.actualidadambiental.pe\/pajonales\/wp-json\/wp\/v2\/pages"}],"about":[{"href":"https:\/\/www.actualidadambiental.pe\/pajonales\/wp-json\/wp\/v2\/types\/page"}],"author":[{"embeddable":true,"href":"https:\/\/www.actualidadambiental.pe\/pajonales\/wp-json\/wp\/v2\/users\/1"}],"replies":[{"embeddable":true,"href":"https:\/\/www.actualidadambiental.pe\/pajonales\/wp-json\/wp\/v2\/comments?post=39"}],"version-history":[{"count":42,"href":"https:\/\/www.actualidadambiental.pe\/pajonales\/wp-json\/wp\/v2\/pages\/39\/revisions"}],"predecessor-version":[{"id":399,"href":"https:\/\/www.actualidadambiental.pe\/pajonales\/wp-json\/wp\/v2\/pages\/39\/revisions\/399"}],"wp:featuredmedia":[{"embeddable":true,"href":"https:\/\/www.actualidadambiental.pe\/pajonales\/wp-json\/wp\/v2\/media\/334"}],"wp:attachment":[{"href":"https:\/\/www.actualidadambiental.pe\/pajonales\/wp-json\/wp\/v2\/media?parent=39"}],"curies":[{"name":"wp","href":"https:\/\/api.w.org\/{rel}","templated":true}]}}