{"id":31,"date":"2018-01-24T17:15:06","date_gmt":"2018-01-24T22:15:06","guid":{"rendered":"http:\/\/www.actualidadambiental.pe\/pajonales\/?page_id=31"},"modified":"2018-04-27T16:23:04","modified_gmt":"2018-04-27T21:23:04","slug":"leyes","status":"publish","type":"page","link":"https:\/\/www.actualidadambiental.pe\/pajonales\/leyes\/","title":{"rendered":"Leyes"},"content":{"rendered":"<h2><span style=\"color: #008080;\">\u00bfC\u00f3mo se protege legalmente los pajonales, humedales y p\u00e1ramos?<\/span><\/h2>\n<p>&nbsp;<\/p>\n<p>Al momento, existen dos v\u00edas de protecci\u00f3n legal (penal y administrativa), pero estos ecosistemas solo est\u00e1n protegidos por la v\u00eda administrativa. Por ello, presentamos este an\u00e1lisis para buscar ampliar su protecci\u00f3n y defensa.<\/p>\n<h3><strong><span style=\"color: #008080;\">La v\u00eda administrativa<\/span><\/strong><\/h3>\n<p>El marco legal podr\u00eda ser mejorado, pero s\u00ed cabe la posibilidad de sancionar a personas que afecten pajonales, humedales altoandinos y p\u00e1ra<span style=\"color: #000000;\">mos. El art\u00edculo 5 de la Ley Forestal y de Fauna Silvestre N\u00b0 29763, indica que los recursos forestales comprenden a los bosques naturales, las plantaciones forestales, las tierras cuya capacidad de uso mayor sea forestal y para protecci\u00f3n, con o sin cobertura arb\u00f3rea; <u>y los dem\u00e1s componentes de la flora terrestre <\/u>y acu\u00e1tica emergente, incluyendo su diversidad gen\u00e9tica.\u00a0<\/span><\/p>\n<p>Los p\u00e1ramos, bofedales (humedales altoandinos y de costa) y los llamados \u201cpajonales\u201d que se encuentran en valles y monta\u00f1as son \u201ccomponentes de la flora terrestre\u201d y, por lo tanto, recursos forestales protegidos por la legislaci\u00f3n forestal. El Reglamento de Gesti\u00f3n Forestal aprobado mediante Decreto Supremo N\u00b0 018-2015-MINAGRI, establece en el art\u00edculo 207 que es una infracci\u00f3n muy grave \u201crealizar la quema de los recursos forestales que forman parte del Patrimonio\u201d.<\/p>\n<p>Seg\u00fan el art\u00edculo 209.2, ante la quema de pajonales, se pueden imponer multas de m\u00e1s de 40 mil soles hasta 20 millones de soles. Aunque dicho monto podr\u00e1 ser calculado y revisado seg\u00fan los criterios de\u00a0gradualidad de la sanci\u00f3n (Resoluci\u00f3n N\u00b0 004-2018-SERFOR-DE), no se podr\u00eda imponer multas menores a S\/ 405. Por otro lado, no todas las autoridades forestales cuentan con un \u00f3rgano de cobranza coactiva y a esto se suma el hecho de que dif\u00edcilmente se identifique a los autores de la quema de pajonales y p\u00e1ramos o\u00a0 los mismos no cuenten con\u00a0medios econ\u00f3micos ni propiedades embargables. Finalmente, el pago de esta multa no se produce y no se genera ning\u00fan castigo por el da\u00f1o cometido.<\/p>\n<p>De acuerdo al Art\u00edculo IX de la\u00a0 Ley General del Ambiente (N\u00b0 28611), quien\u00a0 cause degradaci\u00f3n ambiental est\u00e1 obligado a adoptar medidas para su reparaci\u00f3n sin perjuicio de otras responsabilidades administrativas, civiles y penales. Por tanto, si una persona es responsable de la quema de pajonales, se le puede imponer una sanci\u00f3n penal, y a su vez, administrativa, por un mismo hecho.<\/p>\n<h3><strong><span style=\"color: #008080;\">La v\u00eda penal<\/span><\/strong><\/h3>\n<p>Es importante resaltar que la quema de pajonales, humedales y p\u00e1ramos, no est\u00e1 contemplada como un delito penal. Actualmente, solo los bosques o formaciones boscosas son el \u00fanico recurso forestal cubierto en el c\u00f3digo. As\u00ed, el art\u00edculo 310 establece claramente que \u201cser\u00e1 reprimido con pena privativa de libertad no menor de cuatro a\u00f1os ni mayor de seis a\u00f1os y con prestaci\u00f3n de servicios comunitarios de cuarenta a ochenta jornadas el que, sin contar con permiso, licencia, autorizaci\u00f3n o concesi\u00f3n otorgada por autoridad competente, destruye, quema, da\u00f1a o tala, en todo o en parte, bosques u otras formaciones boscosas, sean naturales o plantaciones\u201d.<\/p>\n<h3><strong><span style=\"color: #008080;\">R\u00e9gimen especial como ecosistemas fr\u00e1giles<\/span><\/strong><\/h3>\n<p>La Pol\u00edtica Nacional Forestal y de Fauna Silvestre define a los <strong><span style=\"color: #008080;\">ecosistemas fr\u00e1giles <\/span><\/strong>como \u201cecosistemas con caracter\u00edsticas o recursos singulares con baja resiliencia (capacidad de retornar a sus condiciones originales), e inestable ante eventos impactantes de naturaleza antropog\u00e9nica, que produce en el mismo, una profunda alteraci\u00f3n en su estructura y composici\u00f3n. La condici\u00f3n de fragilidad es inherente al ecosistema y s\u00f3lo se manifiesta bajo las condiciones de disturbio. Queda establecido que, a mayor fragilidad, mayor es la necesidad de protecci\u00f3n del ecosistema\u201d.<\/p>\n<p>En el art\u00edculo 99 de la Ley General del Ambiente, se menciona que los bofedales, humedales y p\u00e1ramos son ecosistemas fr\u00e1giles y que <strong><span style=\"color: #008080;\">las autoridades p\u00fablicas deben adoptar medidas especiales para su protecci\u00f3n. Consideramos que ser\u00eda importante incluir a los pajonales en dicho art\u00edculo.<\/span><\/strong><\/p>\n<p>Con miras a proteger estos ecosistemas, el Servicio Nacional Forestal y de Fauna Silvestre (Serfor) gestiona una <a href=\"https:\/\/www.serfor.gob.pe\/wp-content\/uploads\/2017\/09\/Lista-de-Ecosistemas-Fr_giles-Reconocidos-Vigente.pdf\" target=\"_blank\" rel=\"noopener\">Lista sectorial de ecosistemas fr\u00e1giles<\/a>. Hasta la fecha, se ha registrado once ecosistemas en dicha relaci\u00f3n, pero a\u00fan no se ha incluido a ning\u00fan pajonal, bofedal o p\u00e1ramo.<\/p>\n<h3><strong><span style=\"color: #008080;\">Medidas de protecci\u00f3n y vac\u00edos legales ante la quema de pajonales, p\u00e1ramos, bofedales y humedales<\/span><\/strong><\/h3>\n<p><img decoding=\"async\" class=\"alwaysThinglink\" style=\"max-width: 100%;\" src=\"\/\/cdn.thinglink.me\/api\/image\/1046162787547480065\/1024\/10\/scaletowidth#tl-1046162787547480065;'\" \/><script async charset=\"utf-8\" src=\"\/\/cdn.thinglink.me\/jse\/embed.js\"><\/script><\/p>\n<h3><strong><span style=\"color: #008080;\">Marco legal<\/span><\/strong><\/h3>\n<table>\n<tbody>\n<tr>\n<td>\n<h4><span style=\"color: #008080;\"><strong>Norma<\/strong><\/span><\/h4>\n<\/td>\n<td>\n<h4><span style=\"color: #008080;\"><strong>Comentarios<\/strong><\/span><\/h4>\n<\/td>\n<\/tr>\n<tr>\n<td><span style=\"color: #008080;\">Ley Forestal y de Fauna Silvestre N\u00b0 29763222<\/span><\/td>\n<td><em>El art\u00edculo 5 indica que los recursos forestales comprenden a los bosques naturales, las plantaciones forestales, las tierras cuya capacidad de uso mayor sea forestal y para protecci\u00f3n, con o sin cobertura arb\u00f3rea; <u>y los dem\u00e1s componentes de la flora terrestre <\/u>y acu\u00e1tica emergente, incluyendo su diversidad gen\u00e9tica. Los pajonales, humedales altoandinos y p\u00e1ramos se consideran componentes de flora terrestre.<\/em><\/td>\n<\/tr>\n<tr>\n<td><span style=\"color: #008080;\">Reglamento para la Gesti\u00f3n Forestal (D.S. N\u00b0 018-2015-MINAGRI)<\/span><\/td>\n<td><em>Los art\u00edculos 207 y 209 establecen como una infracci\u00f3n muy grave realizar la quema de los recursos forestales que forman parte del Patrimonio, lo cual puede acarrear multas que van desde los m\u00e1s de 40 mil soles hasta 20 millones de soles.<\/em><\/td>\n<\/tr>\n<tr>\n<td><span style=\"color: #008080;\">Reglamento para la Gesti\u00f3n de Fauna Silvestre (D.S. N\u00b0 019-2015-MINAGRI)<\/span><\/td>\n<td>El art\u00edculo 191 contempla las infracciones leves, graves y muy graves en materia de fauna silvestre, las cuales a su vez podr\u00edan ser causadas por una quema de recursos forestales.<\/td>\n<\/tr>\n<tr>\n<td><span style=\"color: #008080;\">Reglamento para la Gesti\u00f3n de Plantaciones Forestales y Sistemas Agroforestales (D.S. N\u00b0 020-2015-MINAGRI)<\/span><\/td>\n<td><em>El art\u00edculo 107 considera como una infracci\u00f3n muy grave el provocar incendios forestales y realizar la quema de recursos forestales.<\/em><\/td>\n<\/tr>\n<tr>\n<td><span style=\"color: #008080;\">Reglamento para la Gesti\u00f3n Forestal y de Fauna Silvestre en Comunidades Nativas y Campesinas (D.S. N\u00b0 021-2015-MINAGRI)<\/span><\/td>\n<td><em>El art\u00edculo 137 considera como una infracci\u00f3n muy grave el provocar incendios forestales y realizar la quema de recursos forestales. <\/em><\/td>\n<\/tr>\n<tr>\n<td><span style=\"color: #008080;\">Plan Nacional de Gesti\u00f3n del Riesgo de Desastres 2014 &#8211; 2021 (D.S. N\u00ba 034-2014-PCM)<\/span><\/td>\n<td><em>Este plan establece directrices generales en la Gesti\u00f3n del Riesgo de Desastres (GRD), de cumplimiento obligatorio para las entidades p\u00fablicas del Sistema Nacional de Gesti\u00f3n del Riesgo de Desastres (Sinagerd). Para prevenir, reducir y controlar los factores de riesgo de desastres, lo cual incluye a incendios forestales bajo ciertas condiciones de riesgo.<\/em><\/td>\n<\/tr>\n<tr>\n<td><span style=\"color: #008080;\">C\u00f3digo Penal promulgado por Decreto Legislativo N\u00ba 635<\/span><\/td>\n<td><em>El art\u00edculo 310 sanciona con pena privativa de libertad a quien sin contar con permiso, licencia, autorizaci\u00f3n o concesi\u00f3n otorgada por autoridad competente, destruye, quema, da\u00f1a o tala, en todo o en parte, bosques u otras formaciones boscosas, sean naturales o plantaciones.<\/em><\/td>\n<\/tr>\n<tr>\n<td><span style=\"color: #008080;\">Ley General del Ambiente N\u00ba 28611<\/span><\/td>\n<td><em>El art\u00edculo 99 menciona que los bofedales, humedales y p\u00e1ramos son ecosistemas fr\u00e1giles y que las autoridades p\u00fablicas deben adoptar medidas especiales para su protecci\u00f3n.<\/em><\/td>\n<\/tr>\n<tr>\n<td><span style=\"color: #008080;\">Pol\u00edtica Nacional del Ambiente (D.S. N\u00ba 012-2009-MINAM)<\/span><\/td>\n<td><em>El eje de la Pol\u00edtica 1 establece que se deben proteger ecosistemas fr\u00e1giles, como los humedales y las cuencas de la regi\u00f3n costera.<\/em><\/td>\n<\/tr>\n<tr>\n<td><span style=\"color: #008080;\">Pol\u00edtica Nacional Forestal y de Fauna Silvestre (D.S. N\u00ba 009-2013-MINAM) <\/span><\/td>\n<td><em>El lineamiento 2 establece que debe haber una gesti\u00f3n especial para la conservaci\u00f3n y aprovechamiento sostenible de ecosistemas forestales y otros tipos de vegetaci\u00f3n silvestre, que se encuentran sujetos a amenazas o procesos de degradaci\u00f3n.<\/em><\/td>\n<\/tr>\n<tr>\n<td><span style=\"color: #008080;\">Estrategia de Diversidad Biol\u00f3gica al 2012 y su plan de acci\u00f3n 2014 &#8211; 2018 (D.S. N\u00ba 009-2014-MINAM) <\/span><\/td>\n<td><em>Esta norma busca el uso sostenible de la biodiversidad y contrarrestar sus impactos y amenazas.<\/em><\/td>\n<\/tr>\n<tr>\n<td><span style=\"color: #008080;\">Reglamento Ambiental para las Actividades de Exploraci\u00f3n Minera (D.S. N\u00ba 020\u20102008\u2010EM)<\/span><\/td>\n<td><em>El art\u00edculo 11 busca la protecci\u00f3n de los bofedales y humedales durante las actividades de exploraci\u00f3n minera.<\/em><\/td>\n<\/tr>\n<tr>\n<td><span style=\"color: #008080;\">Reglamento de Zonificaci\u00f3n Ecol\u00f3gica y Econ\u00f3mica (D.S. N\u00ba 087-2004-PCM)<\/span><\/td>\n<td><em>El art\u00edculo 9 considera zonas de protecci\u00f3n y conservaci\u00f3n ecol\u00f3gica a las \u00e1reas de humedales.<\/em><\/td>\n<\/tr>\n<\/tbody>\n<\/table>\n","protected":false},"excerpt":{"rendered":"<p>\u00bfC\u00f3mo se protege legalmente los pajonales, humedales y p\u00e1ramos? &nbsp; Al momento, existen dos v\u00edas de protecci\u00f3n legal (penal y administrativa), pero estos ecosistemas solo est\u00e1n protegidos por la v\u00eda administrativa. Por ello, presentamos este an\u00e1lisis para buscar ampliar su protecci\u00f3n y defensa. La v\u00eda administrativa El marco legal podr\u00eda ser mejorado, pero s\u00ed cabe &hellip; <\/p>\n<p class=\"link-more\"><a href=\"https:\/\/www.actualidadambiental.pe\/pajonales\/leyes\/\" class=\"more-link\">Continuar leyendo<span class=\"screen-reader-text\"> \u00abLeyes\u00bb<\/span><\/a><\/p>\n","protected":false},"author":1,"featured_media":327,"parent":0,"menu_order":0,"comment_status":"closed","ping_status":"closed","template":"","meta":{"_monsterinsights_skip_tracking":false,"_monsterinsights_sitenote_active":false,"_monsterinsights_sitenote_note":"","_monsterinsights_sitenote_category":0,"footnotes":""},"class_list":["post-31","page","type-page","status-publish","has-post-thumbnail","hentry"],"_links":{"self":[{"href":"https:\/\/www.actualidadambiental.pe\/pajonales\/wp-json\/wp\/v2\/pages\/31","targetHints":{"allow":["GET"]}}],"collection":[{"href":"https:\/\/www.actualidadambiental.pe\/pajonales\/wp-json\/wp\/v2\/pages"}],"about":[{"href":"https:\/\/www.actualidadambiental.pe\/pajonales\/wp-json\/wp\/v2\/types\/page"}],"author":[{"embeddable":true,"href":"https:\/\/www.actualidadambiental.pe\/pajonales\/wp-json\/wp\/v2\/users\/1"}],"replies":[{"embeddable":true,"href":"https:\/\/www.actualidadambiental.pe\/pajonales\/wp-json\/wp\/v2\/comments?post=31"}],"version-history":[{"count":35,"href":"https:\/\/www.actualidadambiental.pe\/pajonales\/wp-json\/wp\/v2\/pages\/31\/revisions"}],"predecessor-version":[{"id":416,"href":"https:\/\/www.actualidadambiental.pe\/pajonales\/wp-json\/wp\/v2\/pages\/31\/revisions\/416"}],"wp:featuredmedia":[{"embeddable":true,"href":"https:\/\/www.actualidadambiental.pe\/pajonales\/wp-json\/wp\/v2\/media\/327"}],"wp:attachment":[{"href":"https:\/\/www.actualidadambiental.pe\/pajonales\/wp-json\/wp\/v2\/media?parent=31"}],"curies":[{"name":"wp","href":"https:\/\/api.w.org\/{rel}","templated":true}]}}