{"id":21,"date":"2018-01-24T16:10:45","date_gmt":"2018-01-24T21:10:45","guid":{"rendered":"http:\/\/www.actualidadambiental.pe\/pajonales\/?page_id=21"},"modified":"2018-04-26T17:27:58","modified_gmt":"2018-04-26T22:27:58","slug":"paramo-humedal-pajonal","status":"publish","type":"page","link":"https:\/\/www.actualidadambiental.pe\/pajonales\/paramo-humedal-pajonal\/","title":{"rendered":"Fuego"},"content":{"rendered":"<h2><span style=\"color: #008080;\">El fuego: enemigo del pajonal<\/span><\/h2>\n<p>&nbsp;<\/p>\n<p>Para los pobladores de Chuiquibamba y Tancho Jalca (Amazonas), algo que caracteriza a los pajonales es que luego de ser quemados, vuelven a crecer con rebrotes m\u00e1s tiernos y palatables, por lo que es considerado un mejor forraje para el ganado, en comparaci\u00f3n a la paja crecida. Es por esto que muchos ganaderos, queman pajonales con la finalidad de que su ganado tenga una mejor comida. El problema es que al hacerlo afectan el rol que cumplen y, en muchos casos, provocan incendios de mayores dimensiones que no pueden controlar.<\/p>\n<p>Por otro lado, con la intenci\u00f3n de limpiar r\u00e1pidamente el bosque y sembrar cultivos, se queman bosques y pajonales. Esto hace que la temperatura del suelo aumente y que se pierdan nutrientes, como el nitr\u00f3geno, o que desaparezcan progresivamente organismos que favorecen la descomposici\u00f3n de la materia org\u00e1nica y la disponibilidad de nutrientes para el crecimiento de vegetaci\u00f3n.<\/p>\n<p>Tambi\u00e9n, hay pr\u00e1cticas que est\u00e1n vinculadas a creencias ancestrales de diversos pobladores. Se dice que al quemar estas zonas se atraer\u00e1n lluvias para los cultivos o har\u00e1 que esta pare, despejar\u00e1 las nubes y se podr\u00e1 recolectar le\u00f1a. Esta idea carece de sustento cient\u00edfico, lo \u00fanico que se ha comprobado es que quemar pajonales afecta los acu\u00edferos, que son nuestras reservas de agua.<\/p>\n<p>&nbsp;<\/p>\n<figure id=\"attachment_281\" aria-describedby=\"caption-attachment-281\" style=\"width: 1200px\" class=\"wp-caption aligncenter\"><img loading=\"lazy\" decoding=\"async\" class=\"wp-image-281 size-full\" src=\"http:\/\/www.actualidadambiental.pe\/pajonales\/wp-content\/uploads\/2018\/03\/GFW-pajonales-incendios-fuego-02-02-2.jpg\" alt=\"\" width=\"1200\" height=\"802\" srcset=\"https:\/\/www.actualidadambiental.pe\/pajonales\/wp-content\/uploads\/2018\/03\/GFW-pajonales-incendios-fuego-02-02-2.jpg 1200w, https:\/\/www.actualidadambiental.pe\/pajonales\/wp-content\/uploads\/2018\/03\/GFW-pajonales-incendios-fuego-02-02-2-300x201.jpg 300w, https:\/\/www.actualidadambiental.pe\/pajonales\/wp-content\/uploads\/2018\/03\/GFW-pajonales-incendios-fuego-02-02-2-768x513.jpg 768w, https:\/\/www.actualidadambiental.pe\/pajonales\/wp-content\/uploads\/2018\/03\/GFW-pajonales-incendios-fuego-02-02-2-1024x684.jpg 1024w\" sizes=\"auto, (max-width: 767px) 89vw, (max-width: 1000px) 54vw, (max-width: 1071px) 543px, 580px\" \/><figcaption id=\"caption-attachment-281\" class=\"wp-caption-text\">Din\u00e1mica del fuego (Fuente: UPCH)<\/figcaption><\/figure>\n<p>&nbsp;<\/p>\n","protected":false},"excerpt":{"rendered":"<p>El fuego: enemigo del pajonal &nbsp; Para los pobladores de Chuiquibamba y Tancho Jalca (Amazonas), algo que caracteriza a los pajonales es que luego de ser quemados, vuelven a crecer con rebrotes m\u00e1s tiernos y palatables, por lo que es considerado un mejor forraje para el ganado, en comparaci\u00f3n a la paja crecida. Es por &hellip; <\/p>\n<p class=\"link-more\"><a href=\"https:\/\/www.actualidadambiental.pe\/pajonales\/paramo-humedal-pajonal\/\" class=\"more-link\">Continuar leyendo<span class=\"screen-reader-text\"> \u00abFuego\u00bb<\/span><\/a><\/p>\n","protected":false},"author":1,"featured_media":355,"parent":0,"menu_order":0,"comment_status":"closed","ping_status":"closed","template":"","meta":{"_monsterinsights_skip_tracking":false,"_monsterinsights_sitenote_active":false,"_monsterinsights_sitenote_note":"","_monsterinsights_sitenote_category":0,"footnotes":""},"class_list":["post-21","page","type-page","status-publish","has-post-thumbnail","hentry"],"_links":{"self":[{"href":"https:\/\/www.actualidadambiental.pe\/pajonales\/wp-json\/wp\/v2\/pages\/21","targetHints":{"allow":["GET"]}}],"collection":[{"href":"https:\/\/www.actualidadambiental.pe\/pajonales\/wp-json\/wp\/v2\/pages"}],"about":[{"href":"https:\/\/www.actualidadambiental.pe\/pajonales\/wp-json\/wp\/v2\/types\/page"}],"author":[{"embeddable":true,"href":"https:\/\/www.actualidadambiental.pe\/pajonales\/wp-json\/wp\/v2\/users\/1"}],"replies":[{"embeddable":true,"href":"https:\/\/www.actualidadambiental.pe\/pajonales\/wp-json\/wp\/v2\/comments?post=21"}],"version-history":[{"count":44,"href":"https:\/\/www.actualidadambiental.pe\/pajonales\/wp-json\/wp\/v2\/pages\/21\/revisions"}],"predecessor-version":[{"id":397,"href":"https:\/\/www.actualidadambiental.pe\/pajonales\/wp-json\/wp\/v2\/pages\/21\/revisions\/397"}],"wp:featuredmedia":[{"embeddable":true,"href":"https:\/\/www.actualidadambiental.pe\/pajonales\/wp-json\/wp\/v2\/media\/355"}],"wp:attachment":[{"href":"https:\/\/www.actualidadambiental.pe\/pajonales\/wp-json\/wp\/v2\/media?parent=21"}],"curies":[{"name":"wp","href":"https:\/\/api.w.org\/{rel}","templated":true}]}}