{"id":16,"date":"2018-01-24T16:08:53","date_gmt":"2018-01-24T21:08:53","guid":{"rendered":"http:\/\/www.actualidadambiental.pe\/pajonales\/?page_id=16"},"modified":"2018-04-26T20:02:52","modified_gmt":"2018-04-27T01:02:52","slug":"nuestra-pesca","status":"publish","type":"page","link":"https:\/\/www.actualidadambiental.pe\/pajonales\/","title":{"rendered":"Intro"},"content":{"rendered":"<h2><span style=\"color: #008080;\">Pajonales, fuente de vida<\/span><\/h2>\n<p>En las alturas del Per\u00fa se desarrolla un ecosistema \u00fanico. Arbustos y hierbas, captan el agua de la lluvia y el ambiente, lo filtran y lo sueltan constantemente hacia las tierras bajas. La naturaleza asegura as\u00ed el agua que beber\u00e1n las aves y animales del bosque, un terreno m\u00e1s f\u00e9rtil para las plantas, y tambi\u00e9n el agua que llegar\u00e1 a familias y comunidades. Los p\u00e1ramos, pajonales y humedales funcionan as\u00ed, atrapando el agua, como un tesoro. Y es tambi\u00e9n como un tesoro que debemos de cuidar estos ecosistemas.<\/p>\n<p>Lejos de las grandes ciudades, la vida discurre de diferentes maneras. La necesidad muchas veces obliga a quemar pajonales para ganar m\u00e1s terreno para agricultura o para alimentar al ganado. Aunque hay beneficios inmediatos, nos quedamos sin las fuentes de agua de las alturas: los pajonales.<\/p>\n<p>Junto a las comunidades, hemos venido recorriendo y conversando sobre aquello que se est\u00e1 depredando. Hoy, lo que se busca, es que la quema de pajonales, p\u00e1ramos y humedales sea incluida con la <span style=\"color: #008080;\">modificaci\u00f3n de los art\u00edculos 310 y 310-C del C\u00f3digo Penal, para que por lo menos as\u00ed, sigamos asegurando su protecci\u00f3n.<\/span><\/p>\n<figure style=\"width: 1024px\" class=\"wp-caption alignnone\"><img loading=\"lazy\" decoding=\"async\" class=\"alwaysThinglink\" style=\"max-width: 100%;\" src=\"\/\/cdn.thinglink.me\/api\/image\/1028723954749014018\/1024\/10\/scaletowidth#tl-1028723954749014018;'\" alt=\"\" width=\"1024\" height=\"1018\" \/><figcaption class=\"wp-caption-text\">Las once ecorregiones del Per\u00fa propuestas por A. Brack, entre ellas, se encuentra el p\u00e1ramo. [Pasa el cursor sobre la imagen y encuentra m\u00e1s informaci\u00f3n]<\/figcaption><\/figure>\n","protected":false},"excerpt":{"rendered":"<p>Pajonales, fuente de vida En las alturas del Per\u00fa se desarrolla un ecosistema \u00fanico. Arbustos y hierbas, captan el agua de la lluvia y el ambiente, lo filtran y lo sueltan constantemente hacia las tierras bajas. La naturaleza asegura as\u00ed el agua que beber\u00e1n las aves y animales del bosque, un terreno m\u00e1s f\u00e9rtil para &hellip; <\/p>\n<p class=\"link-more\"><a href=\"https:\/\/www.actualidadambiental.pe\/pajonales\/\" class=\"more-link\">Continuar leyendo<span class=\"screen-reader-text\"> \u00abIntro\u00bb<\/span><\/a><\/p>\n","protected":false},"author":1,"featured_media":315,"parent":0,"menu_order":0,"comment_status":"closed","ping_status":"closed","template":"","meta":{"_monsterinsights_skip_tracking":false,"_monsterinsights_sitenote_active":false,"_monsterinsights_sitenote_note":"","_monsterinsights_sitenote_category":0,"footnotes":""},"class_list":["post-16","page","type-page","status-publish","has-post-thumbnail","hentry"],"_links":{"self":[{"href":"https:\/\/www.actualidadambiental.pe\/pajonales\/wp-json\/wp\/v2\/pages\/16","targetHints":{"allow":["GET"]}}],"collection":[{"href":"https:\/\/www.actualidadambiental.pe\/pajonales\/wp-json\/wp\/v2\/pages"}],"about":[{"href":"https:\/\/www.actualidadambiental.pe\/pajonales\/wp-json\/wp\/v2\/types\/page"}],"author":[{"embeddable":true,"href":"https:\/\/www.actualidadambiental.pe\/pajonales\/wp-json\/wp\/v2\/users\/1"}],"replies":[{"embeddable":true,"href":"https:\/\/www.actualidadambiental.pe\/pajonales\/wp-json\/wp\/v2\/comments?post=16"}],"version-history":[{"count":24,"href":"https:\/\/www.actualidadambiental.pe\/pajonales\/wp-json\/wp\/v2\/pages\/16\/revisions"}],"predecessor-version":[{"id":402,"href":"https:\/\/www.actualidadambiental.pe\/pajonales\/wp-json\/wp\/v2\/pages\/16\/revisions\/402"}],"wp:featuredmedia":[{"embeddable":true,"href":"https:\/\/www.actualidadambiental.pe\/pajonales\/wp-json\/wp\/v2\/media\/315"}],"wp:attachment":[{"href":"https:\/\/www.actualidadambiental.pe\/pajonales\/wp-json\/wp\/v2\/media?parent=16"}],"curies":[{"name":"wp","href":"https:\/\/api.w.org\/{rel}","templated":true}]}}