{"id":16,"date":"2018-01-24T16:08:53","date_gmt":"2018-01-24T21:08:53","guid":{"rendered":"http:\/\/www.actualidadambiental.pe\/gobernanzamarina\/?page_id=16"},"modified":"2018-02-15T11:53:39","modified_gmt":"2018-02-15T16:53:39","slug":"nuestra-pesca","status":"publish","type":"page","link":"https:\/\/www.actualidadambiental.pe\/gobernanzamarina\/","title":{"rendered":"UNO"},"content":{"rendered":"<p>&nbsp;<\/p>\n<h3><strong><span style=\"color: #008080;\">La pesca es una fuente importante de alimentos e ingresos para los peruanos.<\/span><\/strong><\/h3>\n<p>Pese a esto, existen varios aspectos relacionados a la gobernanza del sector pesquero que requieren atenci\u00f3n: la revisi\u00f3n de la Ley General de Pesca y la evaluaci\u00f3n de los Reglamentos de Ordenamiento Pesquero (ROP), la limitada inversi\u00f3n en investigaci\u00f3n y el uso de la informaci\u00f3n cient\u00edfica para la toma de decisiones, el cumplimiento de las normas vigentes, y la formalizaci\u00f3n y evoluci\u00f3n tecnol\u00f3gica de la flota artesanal. Adem\u00e1s, persisten desaf\u00edos transversales: falta de transparencia, corrupci\u00f3n, indiferencia y ausencia de una pol\u00edtica y visi\u00f3n del mar peruano. Todo esto genera problemas entre distintos sectores a la hora de buscar ordenar el espacio, planificar actividades, y asignar derechos (incluso, si bien hay indicadores de desempe\u00f1o en cada sector, no hay indicadores que muestren el nivel de colaboraci\u00f3n).<\/p>\n<p><span style=\"color: #008080;\"><strong>Desde la SPDA creemos que nos encontramos en un contexto favorable para debatir los cambios requeridos.<\/strong><\/span> Para ello, te invitamos a explorar y conocer la situaci\u00f3n actual de la gobernanza en el sector pesquero y abrimos la discusi\u00f3n para que todos podamos contribuir a mejorar la gesti\u00f3n de la pesca en el Per\u00fa para que sea una actividad sostenible en el largo plazo.<\/p>\n","protected":false},"excerpt":{"rendered":"<p>&nbsp; La pesca es una fuente importante de alimentos e ingresos para los peruanos. Pese a esto, existen varios aspectos relacionados a la gobernanza del sector pesquero que requieren atenci\u00f3n: la revisi\u00f3n de la Ley General de Pesca y la evaluaci\u00f3n de los Reglamentos de Ordenamiento Pesquero (ROP), la limitada inversi\u00f3n en investigaci\u00f3n y el &hellip; <\/p>\n<p class=\"link-more\"><a href=\"https:\/\/www.actualidadambiental.pe\/gobernanzamarina\/\" class=\"more-link\">Continuar leyendo<span class=\"screen-reader-text\"> \u00abUNO\u00bb<\/span><\/a><\/p>\n","protected":false},"author":2,"featured_media":0,"parent":0,"menu_order":0,"comment_status":"closed","ping_status":"closed","template":"","meta":{"_monsterinsights_skip_tracking":false,"_monsterinsights_sitenote_active":false,"_monsterinsights_sitenote_note":"","_monsterinsights_sitenote_category":0,"footnotes":""},"class_list":["post-16","page","type-page","status-publish","hentry"],"_links":{"self":[{"href":"https:\/\/www.actualidadambiental.pe\/gobernanzamarina\/wp-json\/wp\/v2\/pages\/16","targetHints":{"allow":["GET"]}}],"collection":[{"href":"https:\/\/www.actualidadambiental.pe\/gobernanzamarina\/wp-json\/wp\/v2\/pages"}],"about":[{"href":"https:\/\/www.actualidadambiental.pe\/gobernanzamarina\/wp-json\/wp\/v2\/types\/page"}],"author":[{"embeddable":true,"href":"https:\/\/www.actualidadambiental.pe\/gobernanzamarina\/wp-json\/wp\/v2\/users\/2"}],"replies":[{"embeddable":true,"href":"https:\/\/www.actualidadambiental.pe\/gobernanzamarina\/wp-json\/wp\/v2\/comments?post=16"}],"version-history":[{"count":13,"href":"https:\/\/www.actualidadambiental.pe\/gobernanzamarina\/wp-json\/wp\/v2\/pages\/16\/revisions"}],"predecessor-version":[{"id":141,"href":"https:\/\/www.actualidadambiental.pe\/gobernanzamarina\/wp-json\/wp\/v2\/pages\/16\/revisions\/141"}],"wp:attachment":[{"href":"https:\/\/www.actualidadambiental.pe\/gobernanzamarina\/wp-json\/wp\/v2\/media?parent=16"}],"curies":[{"name":"wp","href":"https:\/\/api.w.org\/{rel}","templated":true}]}}