{"id":494,"date":"2021-08-27T12:41:29","date_gmt":"2021-08-27T17:41:29","guid":{"rendered":"https:\/\/www.actualidadambiental.pe\/contaminacionluminica\/?page_id=494"},"modified":"2021-09-28T10:08:28","modified_gmt":"2021-09-28T15:08:28","slug":"los-puntos-mas-brillantes-de-lima","status":"publish","type":"page","link":"https:\/\/www.actualidadambiental.pe\/contaminacionluminica\/los-puntos-mas-brillantes-de-lima\/","title":{"rendered":"Los puntos m\u00e1s brillantes de Lima"},"content":{"rendered":"<h1 class=\"titular\">Los puntos m\u00e1s brillantes de la ciudad de Lima<\/h1>\n<p class=\"bajada\">Un conteo r\u00e1pido de paneles luminosos e iluminados que realiz\u00f3 la SPDA encontr\u00f3 que a lo largo de v\u00edas como Javier Prado y V\u00eda Expresa habr\u00eda un panel cada cuadra y media.<\/p>\n<p>Hablar de contaminaci\u00f3n nos supone imaginar islotes de pl\u00e1stico flotando a la deriva en medio del mar, cielos oscuros por el smog o derrames de petr\u00f3leo en nuestro mar y nuestra selva. Sin embargo, <a href=\"https:\/\/www.actualidadambiental.pe\/regular-contaminacion-luminica\/\">hay un tipo de poluci\u00f3n que contin\u00faa pasando desapercibida y que ha crecido de manera significativa en las grandes urbes del mundo<\/a>.<\/p>\n<p>Diversos estudios cient\u00edficos basados en la evaluaci\u00f3n de im\u00e1genes satelitales, se\u00f1alan que cada a\u00f1o la Tierra es un 2% m\u00e1s brillante y muestran que m\u00e1s del 80% de sus habitantes viven en espacios contaminados por la luz artificial. Expertos han definido este fen\u00f3meno \u2014que se da sobre todo durante las noches\u2014 como contaminaci\u00f3n lum\u00ednica, y ya se ha revelado que esto no solo afecta a las personas que viven cerca de paneles LED, proyectores de avisos publicitarios o alumbrado p\u00fablico mal dise\u00f1ado, sino tambi\u00e9n altera el cielo nocturno y su visibilidad, los ecosistemas y la biodiversidad.<\/p>\n<h2 class=\"subtitulo1\">Lima, el hotspot de la contaminaci\u00f3n lum\u00ednica<\/h2>\n<p>En Per\u00fa, una mirada r\u00e1pida por las principales calles y avenidas dan cuenta de que cada vez m\u00e1s, necesitamos de la luz artificial. <span class=\"cita\">\u201cLa mayor parte de la poblaci\u00f3n peruana ya es urbana y se concentra sobre todo hacia la Costa; de modo tal, que estamos hablando de que la mayor parte ya est\u00e1 afectada por contaminaci\u00f3n lum\u00ednica. Esto viene acompa\u00f1ado de la contaminaci\u00f3n sonora, del aire, etc., generando as\u00ed un impacto muy negativo en la salud humana. El problema es que no acabamos de entender lo que ocurre ni sus consecuencias, al ser as\u00ed, no lo medimos y pasa completamente desapercibido\u201d,<\/span> indica a la Sociedad Peruana de Derecho Ambiental (SPDA), el ec\u00f3logo Ernesto R\u00e1ez Luna.<\/p>\n<figure id=\"attachment_465\" aria-describedby=\"caption-attachment-465\" style=\"width: 932px\" class=\"wp-caption alignnone\"><img loading=\"lazy\" decoding=\"async\" class=\"wp-image-465 size-full\" src=\"https:\/\/www.actualidadambiental.pe\/contaminacionluminica\/wp-content\/uploads\/2021\/08\/Informe-2-vista-satelital.png\" alt=\"\" width=\"932\" height=\"621\" srcset=\"https:\/\/www.actualidadambiental.pe\/contaminacionluminica\/wp-content\/uploads\/2021\/08\/Informe-2-vista-satelital.png 932w, https:\/\/www.actualidadambiental.pe\/contaminacionluminica\/wp-content\/uploads\/2021\/08\/Informe-2-vista-satelital-300x200.png 300w, https:\/\/www.actualidadambiental.pe\/contaminacionluminica\/wp-content\/uploads\/2021\/08\/Informe-2-vista-satelital-768x512.png 768w\" sizes=\"auto, (max-width: 767px) 89vw, (max-width: 1000px) 54vw, (max-width: 1071px) 543px, 580px\" \/><figcaption id=\"caption-attachment-465\" class=\"wp-caption-text\">Desde esta vista satelital se puede observar que las ciudades costeras del Per\u00fa, principalmente Lima, presentan mayor concentraci\u00f3n de contaminaci\u00f3n lum\u00ednica. (Fuente: Light Pollution Map)<\/figcaption><\/figure>\n<p>El especialista que tambi\u00e9n es director del Instituto del Bien Com\u00fan, asociaci\u00f3n civil que promueve la gesti\u00f3n \u00f3ptima de los recursos y ecosistemas en comunidades, sostiene que la contaminaci\u00f3n lum\u00ednica no solo podr\u00eda ser algo que afecte al ser humano o a los ecosistemas de manera indirecta. En este caso, R\u00e1ez Luna lo considera como un \u201cdesperdicio energ\u00e9tico\u201d.<\/p>\n<p><span class=\"cita\">\u201cLa mayor parte del tiempo estas luces innecesarias y nocturnas no nos sirven para mayor cosa, simplemente est\u00e1n all\u00ed como una comodidad excesiva y amena\u201d,<\/span> sostiene el ec\u00f3logo, quien tambi\u00e9n apunta a que las ciudades deben comprometerse a reducir la huella ecol\u00f3gica de la luz que consumen.<\/p>\n<p>Si bien a nivel internacional ya existen mejores pr\u00e1cticas que intentan reducir la contaminaci\u00f3n lum\u00ednica, como la regulaci\u00f3n de la ubicaci\u00f3n, brillo y los horarios de operaci\u00f3n de algunos paneles publicitarios LED, y en el caso del alumbrado p\u00fablico, sobre el uso de luminarias blindadas, de color c\u00e1lido en lugar de luces azules, y otros factores, en Per\u00fa a\u00fan es una pr\u00e1ctica pendiente. Falta concientizarnos m\u00e1s sobre la necesidad de reducir dr\u00e1sticamente la contaminaci\u00f3n lum\u00ednica y la necesidad de iluminar nuestras ciudades de manera efectiva.<\/p>\n<figure id=\"attachment_466\" aria-describedby=\"caption-attachment-466\" style=\"width: 953px\" class=\"wp-caption alignnone\"><img loading=\"lazy\" decoding=\"async\" class=\"wp-image-466 size-full\" src=\"https:\/\/www.actualidadambiental.pe\/contaminacionluminica\/wp-content\/uploads\/2021\/08\/Informe-2-JP-con-los-frutales.png\" alt=\"\" width=\"953\" height=\"712\" srcset=\"https:\/\/www.actualidadambiental.pe\/contaminacionluminica\/wp-content\/uploads\/2021\/08\/Informe-2-JP-con-los-frutales.png 953w, https:\/\/www.actualidadambiental.pe\/contaminacionluminica\/wp-content\/uploads\/2021\/08\/Informe-2-JP-con-los-frutales-300x224.png 300w, https:\/\/www.actualidadambiental.pe\/contaminacionluminica\/wp-content\/uploads\/2021\/08\/Informe-2-JP-con-los-frutales-768x574.png 768w\" sizes=\"auto, (max-width: 767px) 89vw, (max-width: 1000px) 54vw, (max-width: 1071px) 543px, 580px\" \/><figcaption id=\"caption-attachment-466\" class=\"wp-caption-text\">En este registro realizado por la MML se identificaron al menos 7 paneles luminosos e iluminados cerca del cruce de las avenidas Javier Prado Este y la avenida Los Frutales. (Fuente: Municipalidad Metropolitana de Lima)<\/figcaption><\/figure>\n<h2 class=\"subtitulo1\">El mapa de los paneles<\/h2>\n<p><span class=\"bajada\">No se sabe a ciencia cierta cu\u00e1ntos paneles publicitarios hay en Lima, pero s\u00ed se ve que, en avenidas como la Javier Prado, La Marina, Huaylas, Tom\u00e1s Valle o v\u00edas r\u00e1pidas como la V\u00eda Expresa Paseo de la Rep\u00fablica estos artefactos est\u00e1n a la orden del d\u00eda&#8230; y de la noche.<\/span><\/p>\n<p><a href=\"https:\/\/www.actualidadambiental.pe\/mapa-interactivo-contaminacion-luminica-puntos-brillantes-lima\/\">Un conteo r\u00e1pido de paneles luminosos e iluminados que realiz\u00f3 la SPDA<\/a>, encontr\u00f3 que en estas v\u00edas principales habr\u00eda un panel por cada cuadra y media. La mayor\u00eda de ellos permanec\u00edan prendidos durante toda la madrugada.<\/p>\n<p>Por ejemplo, en el recorrido realizado a inicios de abril del 2021, se contabilizaron 59 paneles publicitarios en una distancia de 9 kil\u00f3metros, desde la estaci\u00f3n Plaza de Flores en Barranco hasta el \u00d3valo Grau del Centro de Lima, es decir, en un aproximado de 90 cuadras.<br \/>\nEn la avenida Javier Prado, desde el \u00f3valo Monitor en La Molina, hasta el cruce con la avenida Jos\u00e9 Faustino S\u00e1nchez Carri\u00f3n (9 kil\u00f3metros) se identificaron 63 paneles.<\/p>\n<p>Por otro lado, en tramos m\u00e1s cortos como el de la avenida Benavides, en los 2 kil\u00f3metros que separan la Universidad Ricardo Palma y el \u00d3valo Higuereta se identificaron 15 paneles luminosos e iluminados. Igual panorama se encontr\u00f3 en Chorrillos, desde el inicio de la Av. Defensores del Morro (Huaylas) hasta el \u00f3valo La curva se contaron tambi\u00e9n 12 de ellos.<\/p>\n<p>En estas zonas, las luces no solo afectan a los residentes de casas y edificios, sino a conductores y transe\u00fantes que son cegados por el brillo de las pantallas que proyectan las 24 horas del d\u00eda tandas publicitarias.<\/p>\n<p>A fines de marzo, Mariano Castro, viceministro de Gesti\u00f3n Ambiental del Ministerio del Ambiente dijo en un evento de la SPDA que <a href=\"https:\/\/www.actualidadambiental.pe\/mariano-castro-contaminacion-luminica-necesidad-social-ambiental\/\">tanto su instituci\u00f3n como la Municipalidad de Lima han puesto especial inter\u00e9s en el tema de la contaminaci\u00f3n lum\u00ednica y anunci\u00f3 que se realizaron monitoreos de luminancia en los elementos de publicidad exterior (EPE)<\/a> ubicados en diferentes puntos de la ciudad, <b>\u201cencontr\u00e1ndose que 2 de cada 5 superaban la normativa espa\u00f1ola y 9 de cada 10 superaban la de Chile\u201d.<\/b><\/p>\n<figure id=\"attachment_469\" aria-describedby=\"caption-attachment-469\" style=\"width: 955px\" class=\"wp-caption alignleft\"><img loading=\"lazy\" decoding=\"async\" class=\"wp-image-469 size-full\" src=\"https:\/\/www.actualidadambiental.pe\/contaminacionluminica\/wp-content\/uploads\/2021\/08\/Informe-2-La-Marina-26-28.png\" alt=\"\" width=\"955\" height=\"713\" srcset=\"https:\/\/www.actualidadambiental.pe\/contaminacionluminica\/wp-content\/uploads\/2021\/08\/Informe-2-La-Marina-26-28.png 955w, https:\/\/www.actualidadambiental.pe\/contaminacionluminica\/wp-content\/uploads\/2021\/08\/Informe-2-La-Marina-26-28-300x224.png 300w, https:\/\/www.actualidadambiental.pe\/contaminacionluminica\/wp-content\/uploads\/2021\/08\/Informe-2-La-Marina-26-28-768x573.png 768w\" sizes=\"auto, (max-width: 767px) 89vw, (max-width: 1000px) 54vw, (max-width: 1071px) 543px, 580px\" \/><figcaption id=\"caption-attachment-469\" class=\"wp-caption-text\">Entre las cuadras 26 y 28 de la avenida La Marina se han ubicado cuatro elementos de publicidad exterior. Ninguno de los paneles mostrados cuenta con autorizaci\u00f3n. (Fuente: Municipalidad Metropolitana de Lima)<\/figcaption><\/figure>\n<p>Antes de la aprobaci\u00f3n de la Ley 31316: Ley para la prevenci\u00f3n y control de la Contaminaci\u00f3n Lum\u00ednica, y ante la falta de un marco legal que regule el alumbrado p\u00fablico y los paneles publicitarios LED, los ciudadanos desesperados han tenido que tomar medidas extraordinarias como construir muros, cerrar ventanas y poner cortinas especiales para evitar que las proyecciones lleguen a espacios de sus viviendas e interrumpan actividades de ocio o descanso.<\/p>\n<p>La arquitecta Madeleine Garc\u00eda, sostiene que indirectamente el desarrollo o seguridad de las ciudades dependen de las luces; sin embargo, acota que la visi\u00f3n de crecimiento y desarrollo se debe enfocar m\u00e1s en salvaguardar las necesidades de las personas.<\/p>\n<p><span class=\"cita\">\u201cEn el caso espec\u00edfico de la contaminaci\u00f3n lum\u00ednica vemos que pueden haber instalaciones en lugares incorrectos y que lo mejor ser\u00eda tener par\u00e1metros para regular la densidad, ubicaci\u00f3n y exhibici\u00f3n de los mismos, de tal manera que no haya personas que tengan luces fort\u00edsimas en sus ventanas durante toda la noche\u201d,<\/span> se\u00f1ala la tambi\u00e9n docente de la Universidad de Lima.<\/p>\n<p>Sobre este punto, cabe mencionar que el 17 de junio el Pleno del Congreso de la Rep\u00fablica aprob\u00f3 la <a href=\"https:\/\/leyes.congreso.gob.pe\/Documentos\/2016_2021\/Proyectos_de_Ley_y_de_Resoluciones_Legislativas\/PL07193-20210222.pdf\">Ley de prevenci\u00f3n y control de la Contaminaci\u00f3n Lum\u00ednica<\/a>\u00a0 que busca establecer un marco regulatorio aplicable a las diversas fuentes de contaminaci\u00f3n lum\u00ednica existentes con la finalidad de mejorar la calidad de vida de la ciudadan\u00eda y de la fauna silvestre, promover la eficiencia energ\u00e9tica, contribuir a la seguridad vial y evitar la alteraci\u00f3n del paisaje.<\/p>\n<p><a href=\"https:\/\/www.actualidadambiental.pe\/aprueban-dictamen-proyecto-ley-contaminacion-luminica\/\">El proyecto de ley se present\u00f3\u00a0en febrero del 2021 por el congresista Alberto de Belaunde<\/a> (proyecto de Ley N\u00ba7193\/2020-CR) y fue elaborado con la asistencia de la SPDA, en alianza con la cl\u00ednica jur\u00eddica ambiental de la PUCP y cuenta con el aval del Minam.<\/p>\n<p>Para Garc\u00eda, el impacto de la contaminaci\u00f3n lum\u00ednica y de otras como la del aire o la sonora se pueden evitar o manejar con un mejor enfoque si es que el trabajo se complementa con la consulta a los ciudadanos. <span class=\"cita\">\u201cEs muy importante explicarle a los vecinos lo que ocurre o se planea hacer en el espacio p\u00fablico porque al final son ellos los que se ven impactados directamente con los cambios y elementos que se instalen dentro de su espacio\u201d,<\/span> enfatiza.<\/p>\n<p>En esa misma l\u00ednea, Christel Scheske, especialista en conservaci\u00f3n de Conservamos por Naturaleza (CxN) complementa la idea de que este tipo de contaminaci\u00f3n afecta el c\u00f3mo la ciudadan\u00eda percibe los espacios urbanos y enfatiza que solo regulando esta problem\u00e1tica podremos vivir en una ciudad m\u00e1s amigable.<\/p>\n<p><span class=\"cita\">\u201cSi podemos regular y controlar la contaminaci\u00f3n lum\u00ednica vamos a vivir en ciudades m\u00e1s humanas y hechas para el disfrute de sus espacios p\u00fablicos, y vamos a dejar de sentir que tenemos que huir de un panel LED con demasiado brillo\u201d,<\/span> menciona la especialista.<\/p>\n<h2 class=\"subtitulo1\">Ay\u00fadanos a completar nuestro mapa<\/h2>\n<p>Conservamos por Naturaleza, iniciativa de la SPDA, lanz\u00f3 en el mes de junio la campa\u00f1a \u201cUnidos por una iluminaci\u00f3n responsable\u201d en la que busca concientizar a la ciudadan\u00eda, a diversas empresas del rubro de publicidad exterior y autoridades sobre el impacto de la contaminaci\u00f3n lum\u00ednica en la calidad de vida de las personas y tambi\u00e9n de la fauna silvestre.<\/p>\n<p>Si bien hemos hecho un avance importante de la identificaci\u00f3n de las fuentes m\u00e1s inc\u00f3modas, ahora convocamos a la ciudadan\u00eda, en especial a las personas que viven cerca de paneles publicitarios, losas deportivas con potentes reflectores y alumbrado p\u00fablico mal dise\u00f1ado, a identificar la ubicaci\u00f3n de estas fuentes de luz inc\u00f3moda a la vista y compartir fotos y\/o videos en sus cuentas de redes sociales con los hashtags <span class=\"cita\">#NoM\u00e1sLuzInc\u00f3moda e #Iluminaci\u00f3nResponsable<\/span> y etiquet\u00e1ndonos en <a href=\"https:\/\/twitter.com\/Conservamos\"><span class=\"cita\">@conservamos<\/span><\/a> para que desde <b>Conservamos por Naturaleza<\/b> podamos ingresar aquella informaci\u00f3n en nuestro Mapa de la contaminaci\u00f3n lum\u00ednica.<\/p>\n<p><img loading=\"lazy\" decoding=\"async\" class=\"aligncenter wp-image-843 size-full\" src=\"https:\/\/www.actualidadambiental.pe\/contaminacionluminica\/wp-content\/uploads\/2021\/09\/Infografia_nch.jpg\" alt=\"\" width=\"1280\" height=\"1180\" srcset=\"https:\/\/www.actualidadambiental.pe\/contaminacionluminica\/wp-content\/uploads\/2021\/09\/Infografia_nch.jpg 1280w, https:\/\/www.actualidadambiental.pe\/contaminacionluminica\/wp-content\/uploads\/2021\/09\/Infografia_nch-300x277.jpg 300w, https:\/\/www.actualidadambiental.pe\/contaminacionluminica\/wp-content\/uploads\/2021\/09\/Infografia_nch-1024x944.jpg 1024w, https:\/\/www.actualidadambiental.pe\/contaminacionluminica\/wp-content\/uploads\/2021\/09\/Infografia_nch-768x708.jpg 768w\" sizes=\"auto, (max-width: 767px) 89vw, (max-width: 1000px) 54vw, (max-width: 1071px) 543px, 580px\" \/><\/p>\n<p><iframe loading=\"lazy\" style=\"border: 0;\" tabindex=\"0\" src=\"https:\/\/www.google.com\/maps\/d\/embed?mid=1TkWmxtQnZhY7JKc_eqtTAcLoMENtPXMF\" width=\"100%\" height=\"450px\" frameborder=\"0\" allowfullscreen=\"allowfullscreen\" aria-hidden=\"false\"><\/iframe><\/p>\n<hr \/>\n<div class=\"fuentes\">\n<p style=\"margin-bottom: 20px;\">Fuentes:<\/p>\n<ul class=\"fuentesul\">\n<li class=\"fuentesli\">The new world atlas of artificial night sky brightness (<a href=\"https:\/\/advances.sciencemag.org\/content\/2\/6\/e1600377.figures-only\">https:\/\/advances.sciencemag.org\/content\/2\/6\/e1600377.figures-only<\/a>)<\/li>\n<li class=\"fuentesli\">Espa\u00f1a est\u00e1 entre los primeros pa\u00edses con mayor contaminaci\u00f3n lum\u00ednica de la UE (<a href=\"https:\/\/www.efe.com\/efe\/espana\/sociedad\/espana-esta-entre-los-primeros-paises-con-mayor-contaminacion-luminica-de-la-ue\/10004-3736212\">https:\/\/www.efe.com\/efe\/espana\/sociedad\/espana-esta-entre-los-primeros-paises-con-mayor-contaminacion-luminica-de-la-ue\/10004-3736212<\/a>)<\/li>\n<li class=\"fuentesli\">Contaminaci\u00f3n lum\u00ednica: el lado oscuro de la luz (<a href=\"https:\/\/www.dw.com\/es\/contaminaci%C3%B3n-lum%C3%ADnica-el-lado-oscuro-de-la-luz\/a-56197990\">https:\/\/www.dw.com\/es\/contaminaci%C3%B3n-lum%C3%ADnica-el-lado-oscuro-de-la-luz\/a-56197990<\/a><\/li>\n<li class=\"fuentesli\">Contaminaci\u00f3n (in)visible: la urgencia de regular el impacto de la luz en nuestras vidas (<a href=\"https:\/\/www.actualidadambiental.pe\/regular-contaminacion-luminica\/\">https:\/\/www.actualidadambiental.pe\/regular-contaminacion-luminica\/<\/a>)<\/li>\n<\/ul>\n<\/div>\n","protected":false},"excerpt":{"rendered":"<p>Los puntos m\u00e1s brillantes de la ciudad de Lima Un conteo r\u00e1pido de paneles luminosos e iluminados que realiz\u00f3 la SPDA encontr\u00f3 que a lo largo de v\u00edas como Javier Prado y V\u00eda Expresa habr\u00eda un panel cada cuadra y media. Hablar de contaminaci\u00f3n nos supone imaginar islotes de pl\u00e1stico flotando a la deriva en &hellip; <\/p>\n<p class=\"link-more\"><a href=\"https:\/\/www.actualidadambiental.pe\/contaminacionluminica\/los-puntos-mas-brillantes-de-lima\/\" class=\"more-link\">Continuar leyendo<span class=\"screen-reader-text\"> \u00abLos puntos m\u00e1s brillantes de Lima\u00bb<\/span><\/a><\/p>\n","protected":false},"author":4,"featured_media":444,"parent":0,"menu_order":3,"comment_status":"closed","ping_status":"closed","template":"","meta":{"footnotes":""},"class_list":["post-494","page","type-page","status-publish","has-post-thumbnail","hentry"],"_links":{"self":[{"href":"https:\/\/www.actualidadambiental.pe\/contaminacionluminica\/wp-json\/wp\/v2\/pages\/494","targetHints":{"allow":["GET"]}}],"collection":[{"href":"https:\/\/www.actualidadambiental.pe\/contaminacionluminica\/wp-json\/wp\/v2\/pages"}],"about":[{"href":"https:\/\/www.actualidadambiental.pe\/contaminacionluminica\/wp-json\/wp\/v2\/types\/page"}],"author":[{"embeddable":true,"href":"https:\/\/www.actualidadambiental.pe\/contaminacionluminica\/wp-json\/wp\/v2\/users\/4"}],"replies":[{"embeddable":true,"href":"https:\/\/www.actualidadambiental.pe\/contaminacionluminica\/wp-json\/wp\/v2\/comments?post=494"}],"version-history":[{"count":23,"href":"https:\/\/www.actualidadambiental.pe\/contaminacionluminica\/wp-json\/wp\/v2\/pages\/494\/revisions"}],"predecessor-version":[{"id":864,"href":"https:\/\/www.actualidadambiental.pe\/contaminacionluminica\/wp-json\/wp\/v2\/pages\/494\/revisions\/864"}],"wp:featuredmedia":[{"embeddable":true,"href":"https:\/\/www.actualidadambiental.pe\/contaminacionluminica\/wp-json\/wp\/v2\/media\/444"}],"wp:attachment":[{"href":"https:\/\/www.actualidadambiental.pe\/contaminacionluminica\/wp-json\/wp\/v2\/media?parent=494"}],"curies":[{"name":"wp","href":"https:\/\/api.w.org\/{rel}","templated":true}]}}