{"id":45,"date":"2018-01-24T17:25:47","date_gmt":"2018-01-24T22:25:47","guid":{"rendered":"https:\/\/www.actualidadambiental.pe\/contaminacionluminica\/?page_id=45"},"modified":"2021-09-28T10:06:20","modified_gmt":"2021-09-28T15:06:20","slug":"impacto-biodiversidad","status":"publish","type":"page","link":"https:\/\/www.actualidadambiental.pe\/contaminacionluminica\/impacto-biodiversidad\/","title":{"rendered":"Impacto en la biodiversidad"},"content":{"rendered":"<h1 class=\"titular\">Golondrinas de Mar, las aves que se pierden a causa de la contaminaci\u00f3n lum\u00ednica<\/h1>\n<p class=\"bajada\">En el 2020, el Serfor atendi\u00f3 y rehabilit\u00f3 a m\u00e1s de 100 golondrinas de la tempestad de collar, que se perdieron en las ciudades por el exceso de luces artificiales.<\/p>\n<p>Al nacer, la golondrina de la tempestad de collar emprende un viaje de cientos de kil\u00f3metros para llegar al mar guiada por la luz natural de la noche e iniciar su vida en su h\u00e1bitat natural, sin embargo, muchas veces este viaje es afectado por la excesiva iluminaci\u00f3n de las ciudades lo cual pone en riesgo su vida.<\/p>\n<p><a href=\"https:\/\/www.actualidadambiental.pe\/cinco-cosas-contaminacion-luminica-proyecto-ley\/\">A esta iluminaci\u00f3n artificial mal regulada -capaz de afectar la integridad f\u00edsica, salud y la vida humana y silvestre- se le conoce como contaminaci\u00f3n lum\u00ednica<\/a>. En las ciudades costeras este exceso de brillo destruye la oscuridad natural del cielo y desorienta a estas peque\u00f1as aves ocasionando que se pierdan en las ciudades, quedando expuestas a depredadores y a la muerte por inanici\u00f3n.<\/p>\n<p>Pero la golondrina de mar no es la \u00fanica afectada por la contaminaci\u00f3n lum\u00ednica. Diversas especies de la fauna silvestre, como las tortugas de mar y miles de insectos se desorientan, sufren trastornos en su rutina y ello ocasiona que la cadena alimenticia, tambi\u00e9n llamada cadena tr\u00f3fica, se vea amenazada. Todos estos efectos a mediano y largo plazo terminar\u00e1 afectando el equilibrio de los ecosistemas y la p\u00e9rdida de biodiversidad en el Per\u00fa y el mundo.<\/p>\n<p>El ec\u00f3logo y especialista en investigaci\u00f3n, educaci\u00f3n en conservaci\u00f3n, medio ambiente y desarrollo, Ernesto R\u00e1ez se\u00f1ala que la oscuridad es un factor muy importante para los seres vivos. Ya que de ella depende que estos puedan desarrollarse con normalidad.<\/p>\n<p><span class=\"cita\">\u201c(La falta de oscuridad) ha afectado gravemente las rutinas de animales como aves e insectos que terminan saliendo de sus h\u00e1bitats atra\u00eddos por las luces artificiales\u201d<\/span>, explica R\u00e1ez y hace un llamado a cuantificar el da\u00f1o de este tipo de iluminaci\u00f3n ya que estas cifras aportan a la generaci\u00f3n de pol\u00edticas p\u00fablicas con enfoque sostenible, sobre todo en zonas cercanas a las grandes ciudades.<\/p>\n<figure style=\"width: 757px\" class=\"wp-caption aligncenter\"><img loading=\"lazy\" decoding=\"async\" class=\"\" src=\"https:\/\/www.actualidadambiental.pe\/contaminacionluminica\/wp-content\/uploads\/2021\/08\/Informe-2-vista-satelital.png\" alt=\"\" width=\"757\" height=\"505\" \/><figcaption class=\"wp-caption-text\">Desde esta vista satelital se puede observar que las ciudades costeras del Per\u00fa, principalmente Lima, presentan mayor concentraci\u00f3n de contaminaci\u00f3n lum\u00ednica. (Fuente: Light Pollution Map)<\/figcaption><\/figure>\n<h2 class=\"subtitulo1\">Cada vez m\u00e1s expuestos<\/h2>\n<p>El ec\u00f3logo explica que como la mayor parte de la poblaci\u00f3n peruana es urbana, muchas ciudades costeras se han convertido en un foco importante de contaminaci\u00f3n lum\u00ednica, sin contar otros tipos de contaminaci\u00f3n que confluyen y perjudican en gran medida la salud humana y de la fauna silvestre.<\/p>\n<p><span class=\"cita\">\u201cEsto (la contaminaci\u00f3n lum\u00ednica) viene acompa\u00f1ada de la contaminaci\u00f3n sonora, del aire, etc., generando as\u00ed un impacto muy negativo en la salud humana y en el desarrollo de los animales que pueden vivir cerca de estos espacios\u201d,<\/span> asegura R\u00e1ez.<\/p>\n<p>Pero, \u00bfc\u00f3mo se mide este impacto en la biodiversidad? Carlos Zavalaga, director de la Unidad de Investigaci\u00f3n de Ecosistemas Marinos de la Universidad Cient\u00edfica del Sur, explica que todos los elementos que conforman los ecosistemas funcionan como rompecabezas, en donde las diferentes piezas (elementos propios del ambiente y agentes externos) se interconectan y generan efectos directos e indirectos; positivos, neutros y negativos, que en la mayor\u00eda de los casos terminan afectando a los ejemplares m\u00e1s j\u00f3venes.<\/p>\n<p>En el caso espec\u00edfico de las aves, aquellas se enfrentan a grandes retos cuando salen de sus nidos porque tienen que atravesar las ciudades que cada vez se ubican m\u00e1s cerca a sus espacios de descanso o anidaci\u00f3n. El especialista explica que solo hay algunos casos en donde estos ejemplares pueden acostumbrarse y sacar provecho de los recursos externos, como por ejemplo, alimentarse de los residuos s\u00f3lidos de las ciudades; sin embargo, hay otros factores como el de las luces, que s\u00ed perjudica a animales como aves y tortugas marinas.<\/p>\n<p>En ese sentido, Zavalaga apunta que no hay data que permita conocer el verdadero da\u00f1o que se les hace a las especies y debido a ese vac\u00edo, hasta la fecha no hay c\u00f3mo saber cu\u00e1les son las zonas m\u00e1s cr\u00edticas dentro de los recorridos que realizan diversos ejemplares. Incluso, se\u00f1ala que existen formas de pesca que utilizan luces para iluminar el fondo marino y atraer a moluscos como los calamares.<\/p>\n<p>Sobre el caso espec\u00edfico de las aves, Zavalaga explica que la contaminaci\u00f3n lum\u00ednica s\u00ed impacta directamente en el desarrollo de la golondrina de mar, dentro de las cuales se encuentra la golondrina de la tempestad de collar. <span class=\"cita\">\u201cEstas especies son afectadas notoriamente. Estas aves se ven perdidas o heridas y esto ocurre por la cantidad de luces que existen en las ciudades\u201d,<\/span> dice.<\/p>\n<h2 class=\"subtitulo1\">Golondrina de la tempestad de collar<\/h2>\n<p>Para la m\u00e9dico veterinario e investigadora principal del Proyecto Golondrina de la Tempestad de Collar, Yovana Murillo, el r\u00e1pido y desordenado crecimiento demogr\u00e1fico de las ciudades viene impactando directamente en la \u201cfauna urbana y migratoria\u201d que se desarrolla en estos espacios.<\/p>\n<p>En el caso de Lima, la especialista sostiene que al ser un departamento costero tiene el mar, islas y otro tipo de ambientes de reproducci\u00f3n y descanso que actualmente se ven afectados por otros tipos de contaminaci\u00f3n como la ambiental, sonora y lum\u00ednica.<\/p>\n<p><span class=\"cita\">\u201cHemos visto que no se habla mucho de la contaminaci\u00f3n lum\u00ednica y no hay una consideraci\u00f3n dentro de las regulaciones ambientales. Nosotros, inclusive, aprendimos de esta problem\u00e1tica por los casos documentados de hallazgos de golondrinas de mar perdidas en la ciudad\u201d,<\/span> explica Murillo.<\/p>\n<p>El Proyecto Golondrina de la Tempestad de Collar ha identificado las principales zonas de Lima Metropolitana y el pa\u00eds en los que se ha registrado mayor ca\u00edda de estas aves. Puntos que coincidentemente est\u00e1n identificados como los puntos m\u00e1s brillantes de la ciudad seg\u00fan Light Pollution Map.<\/p>\n<p>Por ejemplo, a nivel nacional se han identificado ciudades como Trujillo, \u00c1ncash, Ica, Arequipa, Moquegua y Tacna. Mientras que en la capital los cinco distritos con mayor registro son Jes\u00fas Mar\u00eda, San Miguel, San Borja, Surco y San Isidro.<\/p>\n<table class=\"tablaimagenes\">\n<tbody>\n<tr>\n<td class=\"tablaimagen\"><img decoding=\"async\" class=\"aligncenter size-full wp-image-760\" src=\"https:\/\/www.actualidadambiental.pe\/contaminacionluminica\/wp-content\/uploads\/2021\/09\/izquierda-1.png\" alt=\"\" width=\"100%\" srcset=\"https:\/\/www.actualidadambiental.pe\/contaminacionluminica\/wp-content\/uploads\/2021\/09\/izquierda-1.png 440w, https:\/\/www.actualidadambiental.pe\/contaminacionluminica\/wp-content\/uploads\/2021\/09\/izquierda-1-205x300.png 205w\" sizes=\"(max-width: 440px) 100vw, 440px\" \/><\/p>\n<p class=\"leyenda\">El mapa de calor de Lima se\u00f1ala que, entre el 2013 al 2015, se hallaron golondrinas de la tempestad de collar extraviadas en 32 distritos de Lima Metropolitana, siendo uno de los principales puntos el de Pueblo Libre. Fuente: Proyecto Golondrina de la Tempestad de Collar<\/p>\n<\/td>\n<td class=\"tablaimagen\"><img decoding=\"async\" class=\"aligncenter size-full wp-image-761\" src=\"https:\/\/www.actualidadambiental.pe\/contaminacionluminica\/wp-content\/uploads\/2021\/09\/derecha-1.png\" alt=\"\" width=\"100%\" srcset=\"https:\/\/www.actualidadambiental.pe\/contaminacionluminica\/wp-content\/uploads\/2021\/09\/derecha-1.png 440w, https:\/\/www.actualidadambiental.pe\/contaminacionluminica\/wp-content\/uploads\/2021\/09\/derecha-1-205x300.png 205w\" sizes=\"(max-width: 440px) 100vw, 440px\" \/><\/p>\n<p class=\"leyenda\">Sin embargo, esto no solo sucede en Lima. Ciudades como \u00c1ncash, Moquegua y Tacna tambi\u00e9n han registrado la ca\u00edda de estas especies. Fuente: Proyecto Golondrina de la Tempestad de Collar.<\/p>\n<\/td>\n<\/tr>\n<\/tbody>\n<\/table>\n<h2 class=\"subtitulo1\">El impacto en las golondrinas de mar<\/h2>\n<p>El m\u00e9dico veterinario Luis Delgado, quien tambi\u00e9n lidera el Proyecto Golondrina de la Tempestad de Collar y es docente investigador de la Universidad Ricardo Palma, explica que en los casi ocho a\u00f1os que tiene el proyecto, se han llegado a rescatar hasta 300 aves por a\u00f1o (2019) principalmente durante los meses de junio y julio.<\/p>\n<p><span class=\"cita\">\u201cEstas aves son peque\u00f1as y esencialmente solo se acercan a la costa de noche para anidar o alimentar a sus cr\u00edas. La raz\u00f3n principal por la que caen es por las luces artificiales que desorientan su recorrido, esto hace que ellas vuelen en c\u00edrculos y caigan por agotamiento\u201d<\/span> explica.<\/p>\n<p>De acuerdo con Delgado, se presume que esta especie anidar\u00eda a unos 70 kil\u00f3metros de la costa, en direcci\u00f3n hacia los Andes. <span class=\"cita\">\u201cUsualmente estas aves se gu\u00edan por la luz de las estrellas y la luna, pero con el crecimiento de las ciudades y la cantidad de luces artificiales, para ellas es dif\u00edcil distinguir qu\u00e9 camino seguir. En todo este tiempo nos han llegado reportes desde Huaraz, Arequipa y Tacna\u201d,<\/span> explica.<\/p>\n<p>En el documento <span class=\"cita\">\u201cV\u00ednculo entre la conservaci\u00f3n ciudadana y la golondrina de la tempestad de collar\u201d,<\/span> elaborado por la veterinaria Murillo se se\u00f1ala que desde 1964 se tienen datos cient\u00edficos sobre el impacto de las luces artificiales en la fauna marina. Datos recopilados por la autora muestran que solo entre el 2013 al 2015 se identificaron hallazgos de golondrinas de mar en 32 de los 43 distritos de Lima Metropolitana, siendo el 68% de hallazgos en el mes de mayo y el principal lugar de hallazgo fue en la v\u00eda p\u00fablica.<\/p>\n<p>Tanto Murillo como Delgado explican que se han identificado al menos cinco especies de golondrinas de la tempestad impactadas por la contaminaci\u00f3n lum\u00ednica, ellas son: la golondrina de la tempestad de collar, la golondrina de Markham, la golondrina de mar chica, la golondrina de Wilson, y la golondrina de mar peruana.<\/p>\n<p>Todas estas especies pertenecen a la familia de los hydrobatidae, que son aves marinas peque\u00f1as que se distribuyen a lo largo de la zona costera y el mar en el \u00e1mbito de la corriente marina de Humboldt. Estas aves marinas se caracterizan por tener un orificio nasal en forma de tubo y patas palmeadas; pero por su plumaje y tama\u00f1o puede ser confundida con otras aves, como palomas, t\u00f3rtolas y cucul\u00edes.<\/p>\n<h2 class=\"subtitulo1\">Rescate y liberaci\u00f3n<\/h2>\n<p>En el 2020 el Servicio Nacional Forestal de Fauna Silvestre (Serfor) liber\u00f3 a trav\u00e9s de la Administraci\u00f3n T\u00e9cnica Forestal de Fauna Silvestre (ATFFS) 106 ejemplares de golondrina de la tempestad de collar. La data recogida por estas entidades adscritas al Ministerio del Ambiente, da cuenta de que los mayores hallazgos se hacen en zonas urbanas, generalmente en techos y jardines. Asimismo, los lugares en donde se reportan m\u00e1s casos son en Villa El Salvador (12), Surco (11) y San Juan de Miraflores (11).<\/p>\n<p><span class=\"cita\">\u201cLas acciones de recuperaci\u00f3n y liberaci\u00f3n est\u00e1n involucradas tambi\u00e9n las ATFFS de Ica, Arequipa y Moquegua-Tacna. Es necesario precisar que SERFOR ha capacitado a m\u00e1s de 30 personas en estas ciudades para que colaboren con la rehabilitaci\u00f3n de las aves\u201d,<\/span> detalla la entidad.<\/p>\n<figure id=\"attachment_799\" aria-describedby=\"caption-attachment-799\" style=\"width: 717px\" class=\"wp-caption aligncenter\"><img loading=\"lazy\" decoding=\"async\" class=\"aligncenter wp-image-823 size-full\" src=\"https:\/\/www.actualidadambiental.pe\/contaminacionluminica\/wp-content\/uploads\/2021\/09\/Foto-2.jpg\" alt=\"\" width=\"717\" height=\"589\" srcset=\"https:\/\/www.actualidadambiental.pe\/contaminacionluminica\/wp-content\/uploads\/2021\/09\/Foto-2.jpg 717w, https:\/\/www.actualidadambiental.pe\/contaminacionluminica\/wp-content\/uploads\/2021\/09\/Foto-2-300x246.jpg 300w\" sizes=\"auto, (max-width: 717px) 100vw, 717px\" \/><figcaption id=\"caption-attachment-799\" class=\"wp-caption-text\">Prueba de impermeabilidad de la golondrinas de mar antes de devolverlas a su h\u00e1bitat. Foto: Proyecto Golondrina de la Tempestad del Collar.<\/figcaption><\/figure>\n<p>En el caso de encontrarse con un ejemplar, se recomienda ayudarse con guantes o pa\u00f1os para colocar al ave en una caja de cart\u00f3n con huecos de ventilaci\u00f3n y una franela o toalla de base. No es necesario darles de comer porque estas aves tienen una dieta especial.<\/p>\n<p>Vale indicar que el proceso de rehabilitaci\u00f3n de las golondrinas de mar es muy corto y en un plazo de dos d\u00edas, las aves son alimentadas e hidratadas, se sacan medidas f\u00edsicas, muestras de plumas y de sangre. La etapa m\u00e1s importante es la prueba de impermeabilidad en la que las aves limpian sus plumas en una piscina.<\/p>\n<p>Los hallazgos se pueden reportar a trav\u00e9s del WhatsApp de Alerta SERFOR 947588269, al correo electr\u00f3nico <a style=\"font-weight: bold; color: #f2b138;\" href=\"mailto:alerta@serfor.gob.pe\"><b>alerta@serfor.gob.pe<\/b><\/a> o a la ATTFFS Lima por el <span class=\"resaltar\">WhatsApp 985549380. <\/span><\/p>\n<figure id=\"attachment_509\" aria-describedby=\"caption-attachment-509\" style=\"width: 679px\" class=\"wp-caption aligncenter\"><img loading=\"lazy\" decoding=\"async\" class=\"size-full wp-image-509\" src=\"https:\/\/www.actualidadambiental.pe\/contaminacionluminica\/wp-content\/uploads\/2021\/08\/Informe-3-Anuncio.jpg\" alt=\"\" width=\"679\" height=\"960\" srcset=\"https:\/\/www.actualidadambiental.pe\/contaminacionluminica\/wp-content\/uploads\/2021\/08\/Informe-3-Anuncio.jpg 679w, https:\/\/www.actualidadambiental.pe\/contaminacionluminica\/wp-content\/uploads\/2021\/08\/Informe-3-Anuncio-212x300.jpg 212w\" sizes=\"auto, (max-width: 679px) 100vw, 679px\" \/><figcaption id=\"caption-attachment-509\" class=\"wp-caption-text\">Anuncio publicado por el Proyecto Golondrina de la Tempestad del Collar invitando a la ciudadan\u00eda a ser parte del rescate de estas aves. Fuente: Proyecto Golondrina de la Tempestad del Collar<\/figcaption><\/figure>\n<hr \/>\n<div class=\"fuentes\">\n<p style=\"margin-bottom: 20px;\">Fuentes:<\/p>\n<ul class=\"fuentesul\">\n<li class=\"fuentesli\">Me perd\u00ed. La contaminaci\u00f3n lum\u00ednica como principal causa del fen\u00f3meno de desviaci\u00f3n de las Golondrinas de collar en Lima. Casafranca, Julieta; Rodr\u00edguez, Andrea; Salinas Paula &#8211; Proyecto Golondrina de la tempestad.<\/li>\n<li class=\"fuentesli\">Cuarentena dificulta el rescate de la golondrina de la tempestad de collar, el ave que se pierde camino al mar (<a href=\"https:\/\/elcomercio.pe\/lima\/sucesos\/cuarentena-dificulta-el-rescate-de-la-golondrina-de-la-tempestad-de-collar-el-ave-que-se-pierde-camino-al-mar-coronavirus-covid-19-noticia\/?ref=ecr\">https:\/\/elcomercio.pe\/lima\/sucesos\/cuarentena-dificulta-el-rescate-de-la-golondrina-de-la-tempestad-de-collar-el-ave-que-se-pierde-camino-al-mar-coronavirus-covid-19-noticia\/?ref=ecr<\/a>)<\/li>\n<\/ul>\n<\/div>\n","protected":false},"excerpt":{"rendered":"<p>Golondrinas de Mar, las aves que se pierden a causa de la contaminaci\u00f3n lum\u00ednica En el 2020, el Serfor atendi\u00f3 y rehabilit\u00f3 a m\u00e1s de 100 golondrinas de la tempestad de collar, que se perdieron en las ciudades por el exceso de luces artificiales. Al nacer, la golondrina de la tempestad de collar emprende un &hellip; <\/p>\n<p class=\"link-more\"><a href=\"https:\/\/www.actualidadambiental.pe\/contaminacionluminica\/impacto-biodiversidad\/\" class=\"more-link\">Continuar leyendo<span class=\"screen-reader-text\"> \u00abImpacto en la biodiversidad\u00bb<\/span><\/a><\/p>\n","protected":false},"author":4,"featured_media":828,"parent":0,"menu_order":2,"comment_status":"closed","ping_status":"closed","template":"","meta":{"footnotes":""},"class_list":["post-45","page","type-page","status-publish","has-post-thumbnail","hentry"],"_links":{"self":[{"href":"https:\/\/www.actualidadambiental.pe\/contaminacionluminica\/wp-json\/wp\/v2\/pages\/45","targetHints":{"allow":["GET"]}}],"collection":[{"href":"https:\/\/www.actualidadambiental.pe\/contaminacionluminica\/wp-json\/wp\/v2\/pages"}],"about":[{"href":"https:\/\/www.actualidadambiental.pe\/contaminacionluminica\/wp-json\/wp\/v2\/types\/page"}],"author":[{"embeddable":true,"href":"https:\/\/www.actualidadambiental.pe\/contaminacionluminica\/wp-json\/wp\/v2\/users\/4"}],"replies":[{"embeddable":true,"href":"https:\/\/www.actualidadambiental.pe\/contaminacionluminica\/wp-json\/wp\/v2\/comments?post=45"}],"version-history":[{"count":85,"href":"https:\/\/www.actualidadambiental.pe\/contaminacionluminica\/wp-json\/wp\/v2\/pages\/45\/revisions"}],"predecessor-version":[{"id":862,"href":"https:\/\/www.actualidadambiental.pe\/contaminacionluminica\/wp-json\/wp\/v2\/pages\/45\/revisions\/862"}],"wp:featuredmedia":[{"embeddable":true,"href":"https:\/\/www.actualidadambiental.pe\/contaminacionluminica\/wp-json\/wp\/v2\/media\/828"}],"wp:attachment":[{"href":"https:\/\/www.actualidadambiental.pe\/contaminacionluminica\/wp-json\/wp\/v2\/media?parent=45"}],"curies":[{"name":"wp","href":"https:\/\/api.w.org\/{rel}","templated":true}]}}