{"id":16,"date":"2018-01-24T16:08:53","date_gmt":"2018-01-24T21:08:53","guid":{"rendered":"https:\/\/www.actualidadambiental.pe\/contaminacionluminica\/?page_id=16"},"modified":"2024-06-13T09:57:01","modified_gmt":"2024-06-13T14:57:01","slug":"que-es-contaminacion-luminica","status":"publish","type":"page","link":"https:\/\/www.actualidadambiental.pe\/contaminacionluminica\/","title":{"rendered":"\u00bfQu\u00e9 es?"},"content":{"rendered":"<h1 class=\"titular\">Las 5 cosas que debes saber sobre la contaminaci\u00f3n lum\u00ednica<\/h1>\n<p class=\"bajada\">A diferencia de la contaminaci\u00f3n sonora, del pl\u00e1stico de un solo uso y del aire, este tipo de contaminaci\u00f3n est\u00e1 creciendo sin regulaci\u00f3n en el Per\u00fa.<\/p>\n<ul class=\"menuinfo\">\n<li><a href=\"#problema\">Problema<\/a><\/li>\n<li><a href=\"#fuentes\">Fuentes<\/a><\/li>\n<li><a href=\"#regularse\">Regulaci\u00f3n<\/a><\/li>\n<li><a href=\"#ley\">Ley<\/a><\/li>\n<li><a href=\"#chile\">Chile<\/a><\/li>\n<\/ul>\n<p>Cegadora. Inc\u00f3moda. Agresiva. Esas son las palabras que muchos ciudadanos y ciudadanas utilizan para describir su experiencia con la contaminaci\u00f3n lum\u00ednica. Este tipo de contaminaci\u00f3n, emitida principalmente por paneles LED, reflectores de losas deportivas y el alumbrado p\u00fablico mal dise\u00f1ado, va en aumento en el Per\u00fa y el mundo.<\/p>\n<div style=\"width: 525px;\" class=\"wp-video\"><!--[if lt IE 9]><script>document.createElement('video');<\/script><![endif]-->\n<video class=\"wp-video-shortcode\" id=\"video-16-1\" width=\"525\" height=\"525\" poster=\"https:\/\/www.actualidadambiental.pe\/contaminacionluminica\/wp-content\/uploads\/2021\/08\/Captura-de-Pantalla-2021-08-27-a-las-11.22.54-1.png\" preload=\"metadata\" controls=\"controls\"><source type=\"video\/mp4\" src=\"https:\/\/www.actualidadambiental.pe\/contaminacionluminica\/wp-content\/uploads\/2021\/08\/LUMINICA-1X1.mp4?_=1\" \/><a href=\"https:\/\/www.actualidadambiental.pe\/contaminacionluminica\/wp-content\/uploads\/2021\/08\/LUMINICA-1X1.mp4\">https:\/\/www.actualidadambiental.pe\/contaminacionluminica\/wp-content\/uploads\/2021\/08\/LUMINICA-1X1.mp4<\/a><\/video><\/div>\n<div id=\"problema\" class=\"puntos\"><\/div>\n<div>\n<h2 class=\"subtitulo1\">1. Qu\u00e9 es la contaminaci\u00f3n lum\u00ednica<\/h2>\n<p>El t\u00e9rmino contaminaci\u00f3n lum\u00ednica es usado para describir los <a href=\"https:\/\/www.actualidadambiental.pe\/cinco-cosas-contaminacion-luminica-proyecto-ley\/\">efectos negativos de la iluminaci\u00f3n artificial, particularmente, la luz artificial de noche<\/a>.<\/p>\n<p>El especialista legal de la iniciativa <b>Conservamos por Naturaleza de la Sociedad Peruana de Derecho Ambiental (SPDA),<\/b> Percy Grandez, describe este tipo de contaminaci\u00f3n como <span class=\"cita\">\u201caquella afectaci\u00f3n que contiene iluminaci\u00f3n artificial que es susceptible de provocar un impacto en la salud humana, en la biodiversidad y en la calidad ambiental\u201d.<\/span><\/p>\n<p>A diferencia de otros tipos de contaminaci\u00f3n, como la sonora, del aire y del pl\u00e1stico de un solo uso, la contaminaci\u00f3n lum\u00ednica est\u00e1 creciendo sin un marco legal que la regule.<\/p>\n<p><span class=\"cita\">\u201cLa contaminaci\u00f3n lum\u00ednica es un problema global y especialmente el brillo que se genera en Per\u00fa cada vez est\u00e1 creciendo m\u00e1s. Lima se ha convertido en el hotspot de la contaminaci\u00f3n lum\u00ednica en el pa\u00eds\u201d,<\/span> advierte Christel Scheske, especialista en conservaci\u00f3n de la SPDA, y agrega que la intensidad y el color de la luz nocturna son dos factores a tener en cuenta porque <span class=\"cita\">\u201cla azul es la m\u00e1s da\u00f1ina\u201d.<\/span><\/p>\n<p>Seg\u00fan un informe de la SPDA elaborado en 2019 se reconoce que, si bien la luz azul desempe\u00f1a un papel positivo e importante en la vida de las personas, se debe tener en cuenta que la luz azul es da\u00f1ina durante la noche.<\/p>\n<p>&nbsp;<\/p>\n<\/div>\n<div>\n<h2 class=\"subtitulo1\">2. Las fuentes m\u00e1s problem\u00e1ticas<\/h2>\n<p>Este tipo de contaminaci\u00f3n se puede percibir f\u00e1cilmente en cerca de tres puntos: <span class=\"resaltar\">Los paneles publicitarios con tecnolog\u00eda LED;<\/span> en <span class=\"resaltar\">el alumbrado p\u00fablico que no est\u00e1 debidamente dise\u00f1ado<\/span>, es decir, cuya iluminaci\u00f3n adem\u00e1s de ser blanca apunta al cielo y al interior de las viviendas en lugar de donde deber\u00edan transitar peatones y\/o veh\u00edculos; y en los <span class=\"resaltar\">establecimientos deportivos iluminados con potentes reflectores.<\/span><\/p>\n<p>El problema principal es que la falta de regulaci\u00f3n de estas de fuentes de iluminaci\u00f3n permite que primero, se excedan en los horarios de encendido, ocasionando una invasi\u00f3n en la tranquilidad de las personas que viven en sus alrededores, y segundo, que cada una sea calibrada con diferentes niveles de luminancia entre s\u00ed y con valores que superan el m\u00ednimo establecido en otros pa\u00edses.<\/p>\n<p>El viceministro de Gesti\u00f3n Ambiental del Ministerio del Ambiente (Minam), Mariano Castro, se\u00f1al\u00f3 en el evento virtual sobre Contaminaci\u00f3n Lum\u00ednica organizado por la SPDA que, para monitorear esta situaci\u00f3n, a trav\u00e9s de la Direcci\u00f3n de Calidad Ambiental, el Minam realiz\u00f3 un <a href=\"https:\/\/www.actualidadambiental.pe\/mariano-castro-contaminacion-luminica-necesidad-social-ambiental\/\">monitoreo de luminancia de los Elementos de Publicidad Exterior (EPE)<\/a> en el que hall\u00f3 que 2 de cada 5 EPEs superaba los l\u00edmites de luminancia establecidos en Espa\u00f1a y 9 de cada 10, los l\u00edmites de la normativa chilena.<\/p>\n<div class=\"infogram-embed\" data-id=\"a531bf0a-5c31-4cd3-814d-b399cb409fa7\" data-type=\"interactive\" data-title=\"Copy: Ley Contaminaci\u00f3n Lum\u00ednica\"><\/div>\n<p><script>!function(e,i,n,s){var t=\"InfogramEmbeds\",d=e.getElementsByTagName(\"script\")[0];if(window[t]&&window[t].initialized)window[t].process&&window[t].process();else if(!e.getElementById(n)){var o=e.createElement(\"script\");o.async=1,o.id=n,o.src=\"https:\/\/e.infogram.com\/js\/dist\/embed-loader-min.js\",d.parentNode.insertBefore(o,d)}}(document,0,\"infogram-async\");<\/script><\/p>\n<\/div>\n<div id=\"regularse\" class=\"puntos\"><\/div>\n<div>\n<h2 class=\"subtitulo1\">3. Razones por las que debe ser regulada<\/h2>\n<p>El impacto de la contaminaci\u00f3n lum\u00ednica es amplio. Como hemos mencionado l\u00edneas arriba, no solo afecta la salud de aquellas personas que se ven expuestas a la iluminaci\u00f3n artificial de noche, sino tambi\u00e9n la seguridad vial, la vida silvestre, el cielo nocturno y la est\u00e9tica urbana.<\/p>\n<ul class=\"bullets\">\n<li><span style=\"font-weight: bold; color: #f2b138;\">En la salud de los seres humanos,<\/span> el impacto est\u00e1 relacionado con la alteraci\u00f3n de los ciclos del sue\u00f1o y una afectaci\u00f3n directa de su rendimiento, tambi\u00e9n aumenta el riesgo de enfermedades cardiovasculares, aumento de peso y hasta puede afectar la salud mental de las personas que viven expuestas a este tipo de fuentes. Pero eso no es todo, este tipo de contaminaci\u00f3n tambi\u00e9n afecta los ciclos circadianos inhibiendo la producci\u00f3n de melatonina lo cual aumenta el riesgo de sufrir c\u00e1ncer de mama y de pr\u00f3stata. Adem\u00e1s, estudios han identificado una relaci\u00f3n entre la contaminaci\u00f3n lum\u00ednica y el aumento en el riesgo de nacimientos de beb\u00e9s prematuros y de bajo peso. Por ello, instituciones como la Asociaci\u00f3n de M\u00e9dicos de Estados Unidos han recomendado controlar esta contaminaci\u00f3n por los hallazgos cient\u00edficos sobre los efectos adversos.<\/li>\n<li>En relaci\u00f3n a la <span style=\"font-weight: bold; color: #f2b138;\">seguridad vial,<\/span> dentro de los factores que influencian la tasa de accidentes de tr\u00e1nsito se ubica la distracci\u00f3n de los conductores. En ese sentido, un estudio de Zalesinska (2018) hall\u00f3 que entre el 62% y 80% de conductores participantes se\u00f1alaron que los EPEs con pantallas LED tuvieron un impacto negativo en su campo visual al conducir.<\/li>\n<li><span style=\"font-weight: bold; color: #f2b138;\">Afectaci\u00f3n en la biodiversidad.<\/span> Durante las noches, la contaminaci\u00f3n lum\u00ednica causa la desorientaci\u00f3n de miles de aves migratorias, entre ellas la golondrina de la tempestad de collar, una de las aves oce\u00e1nicas m\u00e1s peque\u00f1as del mundo que se pierden en la ciudad en su viaje hacia el oc\u00e9ano Pac\u00edfico. Especies marinas como las tortugas tambi\u00e9n resultan afectadas porque esta contaminaci\u00f3n impacta en el ciclo de anidaci\u00f3n y eclosi\u00f3n de sus cr\u00edas; y tiene un efecto devastador en la poblaci\u00f3n de insectos.<\/li>\n<\/ul>\n<\/div>\n<div id=\"ley\" class=\"puntos\"><\/div>\n<div>\n<h2 class=\"subtitulo1\">4. La ley que puede resolver este problema<\/h2>\n<p>En los \u00faltimos a\u00f1os, se ha evidenciado un preocupante aumento en la instalaci\u00f3n de paneles publicitarios en diversas v\u00edas de la ciudad. Por ello, algunos gobiernos locales, mediante ordenanzas, han intentado regular y contener este crecimiento, sin embargo, los esfuerzos no han sido suficientes para frenar el problema.<\/p>\n<p><span class=\"cita\">\u201cSolo mediante una norma con rango de ley se pueden establecer las competencias administrativas para regular, fiscalizar, sancionar, y no mediante una norma reglamentaria como un Decreto Supremo o una ordenanza, de ah\u00ed la importancia de contar con una Ley orientada a prevenir y controlar la Contaminaci\u00f3n lum\u00ednica en nuestro pa\u00eds\u201d,<\/span> se\u00f1ala Percy Grandez, representante de la SPDA.<\/p>\n<p>Por ello, a inicios de a\u00f1o, el 22 de febrero de 2021 <a href=\"https:\/\/www.actualidadambiental.pe\/spda-propuesta-ley-prevencion-contaminacion-luminica-visual\/\">el congresista Alberto de Belaunde present\u00f3 el <\/a><span class=\"resaltar\">proyecto de Ley N\u00ba7193\/2020-CR referido a la \u201cLey de Prevenci\u00f3n y Control de la Contaminaci\u00f3n Lum\u00ednica\u201d, que fue aprobado el 4 de mayo <\/span>por la Comisi\u00f3n de Pueblos Andinos, Amaz\u00f3nicos y Afroperuanos, Ambiente y Ecolog\u00eda del Congreso de la Rep\u00fablica y <a href=\"https:\/\/www.actualidadambiental.pe\/congreso-aprueba-ley-para-prevenir-y-regular-la-contaminacion-luminica-en-el-peru\/\">el 17 de junio por el Pleno del Congreso<\/a>.<\/p>\n<p>Esta propuesta, elaborada con la asistencia de la SPDA en alianza con la cl\u00ednica jur\u00eddica ambiental de la PUCP y con el aval del Minam, busca <b>establecer un marco regulatorio aplicable a las diversas fuentes de contaminaci\u00f3n lum\u00ednica existentes con la finalidad de mejorar la calidad de vida de la ciudadan\u00eda que se ve expuesta a este tipo de contaminaci\u00f3n y de la fauna silvestre, promover la eficiencia energ\u00e9tica, contribuir a la seguridad vial y evitar la alteraci\u00f3n del paisaje.<\/b><\/p>\n<p>Entre otros detalles propone regular:<\/p>\n<div class=\"infogram-embed\" data-id=\"b17adc84-5770-4b79-9118-b0b4bcaaa95a\" data-type=\"interactive\" data-title=\"Ley Contaminaci\u00f3n Lum\u00ednica\"><\/div>\n<p><script>!function(e,i,n,s){var t=\"InfogramEmbeds\",d=e.getElementsByTagName(\"script\")[0];if(window[t]&&window[t].initialized)window[t].process&&window[t].process();else if(!e.getElementById(n)){var o=e.createElement(\"script\");o.async=1,o.id=n,o.src=\"https:\/\/e.infogram.com\/js\/dist\/embed-loader-min.js\",d.parentNode.insertBefore(o,d)}}(document,0,\"infogram-async\");<\/script><\/p>\n<p>En el 2021, la ley fue aprobada por el Congreso de la Rep\u00fablica y promulgada por el Ejecutivo. Sin embargo, a junio del 2024 a\u00fan no puede ser efectiva porque el reglamento no ha sido aprobado. Adem\u00e1s, en ese periodo, el Congreso ha presentado diversos proyectos de ley que buscan debilitar o derogar esta ley.<\/p>\n<h2 class=\"subtitulo1\">5. Chile es un pa\u00eds referente en enfrentar este problema<\/h2>\n<p>El caso de Chile resulta una experiencia interesante en Sudam\u00e9rica porque, al ser considerada la Capital Mundial de la Astronom\u00eda, este pa\u00eds asumi\u00f3 el compromiso de proteger la calidad de los cielos nocturnos de Antofagasta, Atacama y Coquimbo, regiones conocidas por ser un foco importante para el astroturismo.<\/p>\n<p><span class=\"cita\">\u201cControlar la contaminaci\u00f3n lum\u00ednica es f\u00e1cil y simple porque tiene criterios bastante b\u00e1sicos. Lo que se pide es que se ilumine el suelo, por donde circulan las personas y los veh\u00edculos, no el cielo\u201d,<\/span> detall\u00f3 Igor Valdebenito, Jefe del Departamento de Ruido, Lum\u00ednica y Olores del Ministerio de Ambiente de Chile, en el evento de Contaminaci\u00f3n lum\u00ednica organizado por la SPDA realizado a fines de marzo.<\/p>\n<p>Por ello, desde 1998 aquellas regiones del norte de Chile cuentan con la Norma de Emisi\u00f3n para la Regulaci\u00f3n de la Contaminaci\u00f3n Lum\u00ednica que busca evitar la emisi\u00f3n de luz hacia el cielo y promover la utilizaci\u00f3n de tecnolog\u00edas que obstaculicen la observaci\u00f3n astron\u00f3mica. A\u00f1os despu\u00e9s, en 2019, con la ley 21.162 se incorpor\u00f3 a la \u201cluminosidad artificial\u201d como un nuevo agente contaminante.<\/p>\n<p>Retomando la discusi\u00f3n sobre la contaminaci\u00f3n lum\u00ednica en el Per\u00fa, el viceministro de Gesti\u00f3n Ambiental, Mariano Castro, se\u00f1al\u00f3 en el evento virtual organizado por la SPDA que el proyecto de ley referido a la \u201cLey de Prevenci\u00f3n y Control de la Contaminaci\u00f3n Lum\u00ednica\u201d promovido por el congresista De Belaunde es una iniciativa crucial para resolver este problemas en el pa\u00eds.<\/p>\n<p><span class=\"cita\">\u201cLa necesidad social existe, est\u00e1 muy claro que la contaminaci\u00f3n lum\u00ednica afecta a las personas (&#8230;) Este proyecto de ley contribuye a mejorar la calidad de vida, la habitabilidad urbana, la salud, el paisaje y requerimos adoptar medidas que se hagan palpables tanto en las zonas urbanas como rurales\u201d,<\/span> se\u00f1al\u00f3 Mariano Castro, representante del Minam.<\/p>\n<p>En ese sentido, la Sociedad Peruana de Derecho Ambiental considera que aprobar una ley que regule por primera vez la contaminaci\u00f3n lum\u00ednica es una tarea que el Congreso de la Rep\u00fablica puede hacer en beneficio de toda la sociedad y del medio ambiente.<\/p>\n<\/div>\n<div class=\"documental\">\n<p style=\"font-size: 27px; text-align: center; font-weight: bold; color: #003f63; margin-top: 10px; margin-bottom: 10px;\">Ver documental<\/p>\n<p><iframe loading=\"lazy\" title=\"YouTube video player\" src=\"https:\/\/www.youtube.com\/embed\/sXc17UfBKHw\" width=\"560\" height=\"315\" frameborder=\"0\" allowfullscreen=\"allowfullscreen\"><\/iframe><\/p>\n<\/div>\n","protected":false},"excerpt":{"rendered":"<p>Las 5 cosas que debes saber sobre la contaminaci\u00f3n lum\u00ednica A diferencia de la contaminaci\u00f3n sonora, del pl\u00e1stico de un solo uso y del aire, este tipo de contaminaci\u00f3n est\u00e1 creciendo sin regulaci\u00f3n en el Per\u00fa. Problema Fuentes Regulaci\u00f3n Ley Chile Cegadora. Inc\u00f3moda. Agresiva. Esas son las palabras que muchos ciudadanos y ciudadanas utilizan para &hellip; <\/p>\n<p class=\"link-more\"><a href=\"https:\/\/www.actualidadambiental.pe\/contaminacionluminica\/\" class=\"more-link\">Continuar leyendo<span class=\"screen-reader-text\"> \u00ab\u00bfQu\u00e9 es?\u00bb<\/span><\/a><\/p>\n","protected":false},"author":4,"featured_media":759,"parent":0,"menu_order":1,"comment_status":"closed","ping_status":"closed","template":"","meta":{"footnotes":""},"class_list":["post-16","page","type-page","status-publish","has-post-thumbnail","hentry"],"_links":{"self":[{"href":"https:\/\/www.actualidadambiental.pe\/contaminacionluminica\/wp-json\/wp\/v2\/pages\/16","targetHints":{"allow":["GET"]}}],"collection":[{"href":"https:\/\/www.actualidadambiental.pe\/contaminacionluminica\/wp-json\/wp\/v2\/pages"}],"about":[{"href":"https:\/\/www.actualidadambiental.pe\/contaminacionluminica\/wp-json\/wp\/v2\/types\/page"}],"author":[{"embeddable":true,"href":"https:\/\/www.actualidadambiental.pe\/contaminacionluminica\/wp-json\/wp\/v2\/users\/4"}],"replies":[{"embeddable":true,"href":"https:\/\/www.actualidadambiental.pe\/contaminacionluminica\/wp-json\/wp\/v2\/comments?post=16"}],"version-history":[{"count":89,"href":"https:\/\/www.actualidadambiental.pe\/contaminacionluminica\/wp-json\/wp\/v2\/pages\/16\/revisions"}],"predecessor-version":[{"id":888,"href":"https:\/\/www.actualidadambiental.pe\/contaminacionluminica\/wp-json\/wp\/v2\/pages\/16\/revisions\/888"}],"wp:featuredmedia":[{"embeddable":true,"href":"https:\/\/www.actualidadambiental.pe\/contaminacionluminica\/wp-json\/wp\/v2\/media\/759"}],"wp:attachment":[{"href":"https:\/\/www.actualidadambiental.pe\/contaminacionluminica\/wp-json\/wp\/v2\/media?parent=16"}],"curies":[{"name":"wp","href":"https:\/\/api.w.org\/{rel}","templated":true}]}}